{"id":244,"date":"2022-12-12T09:23:55","date_gmt":"2022-12-12T09:23:55","guid":{"rendered":"http:\/\/94.237.113.65\/~korihuol\/blog\/?page_id=244"},"modified":"2022-12-22T14:37:57","modified_gmt":"2022-12-22T14:37:57","slug":"atp-katsastus","status":"publish","type":"page","link":"https:\/\/korihuoltomoksi.fi\/index.php\/atp-katsastus\/","title":{"rendered":"ATP-Katsastus"},"content":{"rendered":"\t\t<div data-elementor-type=\"wp-page\" data-elementor-id=\"244\" class=\"elementor elementor-244\" data-elementor-post-type=\"page\">\n\t\t\t\t\t\t<section class=\"elementor-section elementor-top-section elementor-element elementor-element-3e40126 elementor-section-boxed elementor-section-height-default elementor-section-height-default elementor-invisible\" data-id=\"3e40126\" data-element_type=\"section\" data-settings=\"{&quot;animation&quot;:&quot;fadeIn&quot;}\">\n\t\t\t\t\t\t<div class=\"elementor-container elementor-column-gap-default\">\n\t\t\t\t\t<div class=\"elementor-column elementor-col-50 elementor-top-column elementor-element elementor-element-22ddf75\" data-id=\"22ddf75\" data-element_type=\"column\">\n\t\t\t<div class=\"elementor-widget-wrap elementor-element-populated\">\n\t\t\t\t\t\t<div class=\"elementor-element elementor-element-b2d3835 elementor-nav-menu__align-start elementor-nav-menu--dropdown-none elementor-hidden-mobile elementor-widget elementor-widget-nav-menu\" data-id=\"b2d3835\" data-element_type=\"widget\" data-settings=\"{&quot;layout&quot;:&quot;vertical&quot;,&quot;submenu_icon&quot;:{&quot;value&quot;:&quot;&lt;i class=\\&quot;fas fa-caret-down\\&quot;&gt;&lt;\\\/i&gt;&quot;,&quot;library&quot;:&quot;fa-solid&quot;}}\" data-widget_type=\"nav-menu.default\">\n\t\t\t\t<div class=\"elementor-widget-container\">\n\t\t\t\t\t\t\t\t<nav aria-label=\"Menu\" class=\"elementor-nav-menu--main elementor-nav-menu__container elementor-nav-menu--layout-vertical e--pointer-none\">\n\t\t\t\t<ul id=\"menu-1-b2d3835\" class=\"elementor-nav-menu sm-vertical\"><li class=\"menu-item menu-item-type-post_type menu-item-object-page menu-item-701\"><a href=\"https:\/\/korihuoltomoksi.fi\/index.php\/atp-katsastus\/\" class=\"elementor-item\">ATP-Katsastus<\/a><\/li>\n<li class=\"menu-item menu-item-type-post_type menu-item-object-page menu-item-702\"><a href=\"https:\/\/korihuoltomoksi.fi\/index.php\/auton-paallirakenteiden-takuutyot\/\" class=\"elementor-item\">Auton p\u00e4\u00e4llirakenteiden takuuty\u00f6t<\/a><\/li>\n<li class=\"menu-item menu-item-type-post_type menu-item-object-page menu-item-703\"><a href=\"https:\/\/korihuoltomoksi.fi\/index.php\/keskusvoitelu-rasvari-movalube-keskusvoitelujarjestelma\/\" class=\"elementor-item\">Keskusvoitelu, rasvari \u2013 Movalube keskusvoiteluj\u00e4rjestelm\u00e4<\/a><\/li>\n<li class=\"menu-item menu-item-type-post_type menu-item-object-page menu-item-705\"><a href=\"https:\/\/korihuoltomoksi.fi\/index.php\/kori-kuormakori-kuormatila\/\" class=\"elementor-item\">Kori, kuormakori, kuormatila<\/a><\/li>\n<li class=\"menu-item menu-item-type-post_type menu-item-object-page menu-item-706\"><a href=\"https:\/\/korihuoltomoksi.fi\/index.php\/kylmakone\/\" class=\"elementor-item\">Kylm\u00e4kone<\/a><\/li>\n<li class=\"menu-item menu-item-type-post_type menu-item-object-page menu-item-707\"><a href=\"https:\/\/korihuoltomoksi.fi\/index.php\/lammitin-autolammitin\/\" class=\"elementor-item\">L\u00e4mmitin, autol\u00e4mmitin<\/a><\/li>\n<li class=\"menu-item menu-item-type-post_type menu-item-object-page menu-item-708\"><a href=\"https:\/\/korihuoltomoksi.fi\/index.php\/nosturit\/\" class=\"elementor-item\">Nosturit<\/a><\/li>\n<li class=\"menu-item menu-item-type-post_type menu-item-object-page menu-item-709\"><a href=\"https:\/\/korihuoltomoksi.fi\/index.php\/paallirakenteiden-korjaus-2\/\" class=\"elementor-item\">P\u00e4\u00e4llirakenteiden korjaus<\/a><\/li>\n<li class=\"menu-item menu-item-type-post_type menu-item-object-page menu-item-710\"><a href=\"https:\/\/korihuoltomoksi.fi\/index.php\/raskaan-kaluston-maalaus\/\" class=\"elementor-item\">Raskaan kaluston maalaus<\/a><\/li>\n<li class=\"menu-item menu-item-type-post_type menu-item-object-page menu-item-983\"><a href=\"https:\/\/korihuoltomoksi.fi\/index.php\/raskaan-kaluston-korjaamo\/\" class=\"elementor-item\">Raskaan kaluston korjaamo<\/a><\/li>\n<li class=\"menu-item menu-item-type-post_type menu-item-object-page menu-item-711\"><a href=\"https:\/\/korihuoltomoksi.fi\/index.php\/takalaitanostin-peralautanostin\/\" class=\"elementor-item\">Takalaitanostin, per\u00e4lautanostin<\/a><\/li>\n<li class=\"menu-item menu-item-type-post_type menu-item-object-page menu-item-712\"><a href=\"https:\/\/korihuoltomoksi.fi\/index.php\/vaihtolavalaitteet\/\" class=\"elementor-item\">Vaihtolavalaitteet<\/a><\/li>\n<li class=\"menu-item menu-item-type-post_type menu-item-object-page menu-item-713\"><a href=\"https:\/\/korihuoltomoksi.fi\/index.php\/vuokrakontti\/\" class=\"elementor-item\">Vuokrakontti<\/a><\/li>\n<\/ul>\t\t\t<\/nav>\n\t\t\t\t\t\t<nav class=\"elementor-nav-menu--dropdown elementor-nav-menu__container\" aria-hidden=\"true\">\n\t\t\t\t<ul id=\"menu-2-b2d3835\" class=\"elementor-nav-menu sm-vertical\"><li class=\"menu-item menu-item-type-post_type menu-item-object-page menu-item-701\"><a href=\"https:\/\/korihuoltomoksi.fi\/index.php\/atp-katsastus\/\" class=\"elementor-item\" tabindex=\"-1\">ATP-Katsastus<\/a><\/li>\n<li class=\"menu-item menu-item-type-post_type menu-item-object-page menu-item-702\"><a href=\"https:\/\/korihuoltomoksi.fi\/index.php\/auton-paallirakenteiden-takuutyot\/\" class=\"elementor-item\" tabindex=\"-1\">Auton p\u00e4\u00e4llirakenteiden takuuty\u00f6t<\/a><\/li>\n<li class=\"menu-item menu-item-type-post_type menu-item-object-page menu-item-703\"><a href=\"https:\/\/korihuoltomoksi.fi\/index.php\/keskusvoitelu-rasvari-movalube-keskusvoitelujarjestelma\/\" class=\"elementor-item\" tabindex=\"-1\">Keskusvoitelu, rasvari \u2013 Movalube keskusvoiteluj\u00e4rjestelm\u00e4<\/a><\/li>\n<li class=\"menu-item menu-item-type-post_type menu-item-object-page menu-item-705\"><a href=\"https:\/\/korihuoltomoksi.fi\/index.php\/kori-kuormakori-kuormatila\/\" class=\"elementor-item\" tabindex=\"-1\">Kori, kuormakori, kuormatila<\/a><\/li>\n<li class=\"menu-item menu-item-type-post_type menu-item-object-page menu-item-706\"><a href=\"https:\/\/korihuoltomoksi.fi\/index.php\/kylmakone\/\" class=\"elementor-item\" tabindex=\"-1\">Kylm\u00e4kone<\/a><\/li>\n<li class=\"menu-item menu-item-type-post_type menu-item-object-page menu-item-707\"><a href=\"https:\/\/korihuoltomoksi.fi\/index.php\/lammitin-autolammitin\/\" class=\"elementor-item\" tabindex=\"-1\">L\u00e4mmitin, autol\u00e4mmitin<\/a><\/li>\n<li class=\"menu-item menu-item-type-post_type menu-item-object-page menu-item-708\"><a href=\"https:\/\/korihuoltomoksi.fi\/index.php\/nosturit\/\" class=\"elementor-item\" tabindex=\"-1\">Nosturit<\/a><\/li>\n<li class=\"menu-item menu-item-type-post_type menu-item-object-page menu-item-709\"><a href=\"https:\/\/korihuoltomoksi.fi\/index.php\/paallirakenteiden-korjaus-2\/\" class=\"elementor-item\" tabindex=\"-1\">P\u00e4\u00e4llirakenteiden korjaus<\/a><\/li>\n<li class=\"menu-item menu-item-type-post_type menu-item-object-page menu-item-710\"><a href=\"https:\/\/korihuoltomoksi.fi\/index.php\/raskaan-kaluston-maalaus\/\" class=\"elementor-item\" tabindex=\"-1\">Raskaan kaluston maalaus<\/a><\/li>\n<li class=\"menu-item menu-item-type-post_type menu-item-object-page menu-item-983\"><a href=\"https:\/\/korihuoltomoksi.fi\/index.php\/raskaan-kaluston-korjaamo\/\" class=\"elementor-item\" tabindex=\"-1\">Raskaan kaluston korjaamo<\/a><\/li>\n<li class=\"menu-item menu-item-type-post_type menu-item-object-page menu-item-711\"><a href=\"https:\/\/korihuoltomoksi.fi\/index.php\/takalaitanostin-peralautanostin\/\" class=\"elementor-item\" tabindex=\"-1\">Takalaitanostin, per\u00e4lautanostin<\/a><\/li>\n<li class=\"menu-item menu-item-type-post_type menu-item-object-page menu-item-712\"><a href=\"https:\/\/korihuoltomoksi.fi\/index.php\/vaihtolavalaitteet\/\" class=\"elementor-item\" tabindex=\"-1\">Vaihtolavalaitteet<\/a><\/li>\n<li class=\"menu-item menu-item-type-post_type menu-item-object-page menu-item-713\"><a href=\"https:\/\/korihuoltomoksi.fi\/index.php\/vuokrakontti\/\" class=\"elementor-item\" tabindex=\"-1\">Vuokrakontti<\/a><\/li>\n<\/ul>\t\t\t<\/nav>\n\t\t\t\t\t\t<\/div>\n\t\t\t\t<\/div>\n\t\t\t\t\t<\/div>\n\t\t<\/div>\n\t\t\t\t<div class=\"elementor-column elementor-col-50 elementor-top-column elementor-element elementor-element-a986387\" data-id=\"a986387\" data-element_type=\"column\">\n\t\t\t<div class=\"elementor-widget-wrap elementor-element-populated\">\n\t\t\t\t\t\t<section class=\"elementor-section elementor-inner-section elementor-element elementor-element-1051b61 elementor-section-boxed elementor-section-height-default elementor-section-height-default\" data-id=\"1051b61\" data-element_type=\"section\">\n\t\t\t\t\t\t<div class=\"elementor-container elementor-column-gap-default\">\n\t\t\t\t\t<div class=\"elementor-column elementor-col-100 elementor-inner-column elementor-element elementor-element-b283821\" data-id=\"b283821\" data-element_type=\"column\">\n\t\t\t<div class=\"elementor-widget-wrap elementor-element-populated\">\n\t\t\t\t\t\t<div class=\"elementor-element elementor-element-95c4146 elementor-widget elementor-widget-heading\" data-id=\"95c4146\" data-element_type=\"widget\" data-widget_type=\"heading.default\">\n\t\t\t\t<div class=\"elementor-widget-container\">\n\t\t\t\t\t<h3 class=\"elementor-heading-title elementor-size-default\">ATp-katsastus<\/h3>\t\t\t\t<\/div>\n\t\t\t\t<\/div>\n\t\t\t\t<div class=\"elementor-element elementor-element-83e0594 elementor-widget elementor-widget-heading\" data-id=\"83e0594\" data-element_type=\"widget\" data-widget_type=\"heading.default\">\n\t\t\t\t<div class=\"elementor-widget-container\">\n\t\t\t\t\t<h3 class=\"elementor-heading-title elementor-size-default\">Korihuolto Moksin ammattitaitoinen katsastus<\/h3>\t\t\t\t<\/div>\n\t\t\t\t<\/div>\n\t\t\t\t\t<\/div>\n\t\t<\/div>\n\t\t\t\t\t<\/div>\n\t\t<\/section>\n\t\t\t\t<section class=\"elementor-section elementor-inner-section elementor-element elementor-element-f15765c elementor-section-boxed elementor-section-height-default elementor-section-height-default\" data-id=\"f15765c\" data-element_type=\"section\">\n\t\t\t\t\t\t<div class=\"elementor-container elementor-column-gap-default\">\n\t\t\t\t\t<div class=\"elementor-column elementor-col-100 elementor-inner-column elementor-element elementor-element-67afee2\" data-id=\"67afee2\" data-element_type=\"column\">\n\t\t\t<div class=\"elementor-widget-wrap elementor-element-populated\">\n\t\t\t\t\t\t<div class=\"elementor-element elementor-element-17f8150 elementor-widget elementor-widget-text-editor\" data-id=\"17f8150\" data-element_type=\"widget\" data-widget_type=\"text-editor.default\">\n\t\t\t\t<div class=\"elementor-widget-container\">\n\t\t\t\t\t\t\t\t\t<p>Korihuolto Moksi on virallinen ATP kausitarkastusasema.<br \/>Teemme FNA ja FRC katsastukset.<\/p>\t\t\t\t\t\t\t\t<\/div>\n\t\t\t\t<\/div>\n\t\t\t\t<div class=\"elementor-element elementor-element-42163e6 elementor-mobile-align-center elementor-widget elementor-widget-button\" data-id=\"42163e6\" data-element_type=\"widget\" data-widget_type=\"button.default\">\n\t\t\t\t<div class=\"elementor-widget-container\">\n\t\t\t\t\t\t\t\t\t<div class=\"elementor-button-wrapper\">\n\t\t\t\t\t<a class=\"elementor-button elementor-button-link elementor-size-sm\" href=\"tel:0207209898\">\n\t\t\t\t\t\t<span class=\"elementor-button-content-wrapper\">\n\t\t\t\t\t\t\t\t\t<span class=\"elementor-button-text\">Soita 020 7209 898<\/span>\n\t\t\t\t\t<\/span>\n\t\t\t\t\t<\/a>\n\t\t\t\t<\/div>\n\t\t\t\t\t\t\t\t<\/div>\n\t\t\t\t<\/div>\n\t\t\t\t<div class=\"elementor-element elementor-element-b2c45d1 elementor-widget elementor-widget-text-editor\" data-id=\"b2c45d1\" data-element_type=\"widget\" data-widget_type=\"text-editor.default\">\n\t\t\t\t<div class=\"elementor-widget-container\">\n\t\t\t\t\t\t\t\t\t<p><b>Yleist\u00e4:<\/b><\/p><p>Helposti pilaantuvien elintarvikkeiden maakuljetuksissa k\u00e4ytett\u00e4v\u00e4st\u00e4 erityiskalustosta on solmittu ATP-sopimus. Sopimus luokittelee ATP-kuljetusv\u00e4lineet korin eristyskyvyn, l\u00e4mp\u00f6tilans\u00e4\u00e4t\u00f6laitteen toimintaperiaatteen ja kuormatilan l\u00e4mp\u00f6tilan mukaan.\u00a0<br \/>ATP-todistuksen my\u00f6nt\u00e4\u00e4 kuljetusv\u00e4lineen rekister\u00f6intimaan viranomainen. Suomessa hyv\u00e4ksynn\u00e4n antaa Elintarviketurvallisuusvirasto.<br \/>ATP-todistus on pidett\u00e4v\u00e4 aina ATP-kuljetuksen mukana. ATP-luokitellun kuljetusv\u00e4lineen tunnusmerkkein\u00e4 ovat korin etuyl\u00e4kulmiin kiinnitetyt luokitusmerkinn\u00e4t, jotka ilmoittavat ATP-luokan ja luokituksen viimeisen voimassaolokuukauden ja vuoden.\u00a0<br \/>Elintarviketurvallisuusvirasto (Evira) antaa hyv\u00e4ksym\u00e4lleen viranomaiselle luvan tehd\u00e4 ATP-kausitarkastuksia. Korihuolto Moksi Oy on hyv\u00e4ksytty ATP-kausitarkastus piste. (tiedustelut 020 720 9895).<\/p><p><b>ATP-kausitarkastukset:<\/b><\/p><p>Kuljetusv\u00e4lineen kausitarkastusta ei voi tehd\u00e4 jos ATP-luokituksen umpeutumiseen on enemm\u00e4n kuin kuusi kuukautta. Ensimm\u00e4inen ATP-luokitus on voimassa kuusi vuotta. Kausitarkastusten avulla saavutetut uusintahyv\u00e4ksynn\u00e4t ovat voimassa kolme vuotta. Kausitarkastuksen perusteella voidaan antaa ATP-luokitus, joka on voimassa enint\u00e4\u00e4n siihen saakka, kun kuljetusv\u00e4lineen kori on 12 vuoden ik\u00e4inen<\/p><p><b>ATP-kausitarkastukseen tultaessa huomioitavaa:<\/b><\/p><p>ATP-kausitarkastettavaksi tulevan korin on oltava sis\u00e4lt\u00e4 tyhj\u00e4 muista esineist\u00e4 paitsi siihen kiinte\u00e4sti asennetuista. Korin tulee olla pesty ulkoa ja sis\u00e4lt\u00e4. Koska kylm\u00e4konetta voidaan k\u00e4ytt\u00e4\u00e4 pitki\u00e4kin aikoja, on huomioitava ett\u00e4 polttoainetta on tankissa riitt\u00e4v\u00e4sti.<\/p><p><b>Alkuper\u00e4inen ATP-todistus on oltava mukana.<\/b><\/p><p>ATP-kausitarkastusta ei voi aloittaa ennen kuin kori on l\u00e4mmennyt sis\u00e4lt\u00e4 + 15 asteeseen. Itse j\u00e4\u00e4hdytyskokeessa on FRC luokitetulla korilla on 6 tuntia aikaa saavuttaa \u201320 asteen l\u00e4mp\u00f6tila. Talvella kylm\u00e4korin l\u00e4mpeneminen saattaa kest\u00e4\u00e4 niin kauan ett\u00e4 mittauksia ei saada suoritetuksi yhden ty\u00f6p\u00e4iv\u00e4n aikana.<\/p><p>Korin ATP-luokituksen jatkamisen sertifiointip\u00e4\u00e4t\u00f6ksen tekee ja ATP-todistuksen antaa MTT tarkastuspisteen suosituksesta.<br \/>Mik\u00e4li sertifiointip\u00e4\u00e4t\u00f6s on my\u00f6nteinen, tarkastuttaja sitoutuu lunastamaan MTT:n antaman ATP-todistuksen.<\/p>\t\t\t\t\t\t\t\t<\/div>\n\t\t\t\t<\/div>\n\t\t\t\t\t<\/div>\n\t\t<\/div>\n\t\t\t\t\t<\/div>\n\t\t<\/section>\n\t\t\t\t\t<\/div>\n\t\t<\/div>\n\t\t\t\t\t<\/div>\n\t\t<\/section>\n\t\t\t\t<\/div>\n\t\t","protected":false},"excerpt":{"rendered":"<p>ATp-katsastus Korihuolto Moksin ammattitaitoinen katsastus Korihuolto Moksi on virallinen ATP kausitarkastusasema.Teemme FNA ja FRC katsastukset. Soita 020 7209 898 Yleist\u00e4: Helposti pilaantuvien elintarvikkeiden maakuljetuksissa k\u00e4ytett\u00e4v\u00e4st\u00e4 erityiskalustosta on solmittu ATP-sopimus. Sopimus luokittelee ATP-kuljetusv\u00e4lineet korin eristyskyvyn, l\u00e4mp\u00f6tilans\u00e4\u00e4t\u00f6laitteen toimintaperiaatteen ja kuormatilan l\u00e4mp\u00f6tilan mukaan.\u00a0ATP-todistuksen my\u00f6nt\u00e4\u00e4 kuljetusv\u00e4lineen rekister\u00f6intimaan viranomainen. Suomessa hyv\u00e4ksynn\u00e4n antaa Elintarviketurvallisuusvirasto.ATP-todistus on pidett\u00e4v\u00e4 aina ATP-kuljetuksen mukana. ATP-luokitellun kuljetusv\u00e4lineen [&hellip;]<\/p>\n","protected":false},"author":3,"featured_media":0,"parent":0,"menu_order":0,"comment_status":"closed","ping_status":"closed","template":"elementor_header_footer","meta":{"_monsterinsights_skip_tracking":false,"_monsterinsights_sitenote_active":false,"_monsterinsights_sitenote_note":"","_monsterinsights_sitenote_category":0,"footnotes":""},"class_list":["post-244","page","type-page","status-publish","hentry"],"yoast_head":"<!-- This site is optimized with the Yoast SEO plugin v25.0 - https:\/\/yoast.com\/wordpress\/plugins\/seo\/ -->\n<title>ATP-Katsastus - Korihuolto Moksi<\/title>\n<meta name=\"description\" content=\"Korihuolto Moksi on virallinen ATP kausitarkastusasema.Teemme FNA ja FRC katsastukset.\" \/>\n<meta name=\"robots\" content=\"index, follow, max-snippet:-1, max-image-preview:large, max-video-preview:-1\" \/>\n<link rel=\"canonical\" href=\"https:\/\/korihuoltomoksi.fi\/index.php\/atp-katsastus\/\" \/>\n<meta property=\"og:locale\" content=\"fi_FI\" \/>\n<meta property=\"og:type\" content=\"article\" \/>\n<meta property=\"og:title\" content=\"ATP-Katsastus - Korihuolto Moksi\" \/>\n<meta property=\"og:description\" content=\"Korihuolto Moksi on virallinen ATP kausitarkastusasema.Teemme FNA ja FRC katsastukset.\" \/>\n<meta property=\"og:url\" content=\"https:\/\/korihuoltomoksi.fi\/index.php\/atp-katsastus\/\" \/>\n<meta property=\"og:site_name\" content=\"Korihuolto Moksi\" \/>\n<meta property=\"article:modified_time\" content=\"2022-12-22T14:37:57+00:00\" \/>\n<meta name=\"twitter:card\" content=\"summary_large_image\" \/>\n<meta name=\"twitter:label1\" content=\"Arvioitu lukuaika\" \/>\n\t<meta name=\"twitter:data1\" content=\"2 minuuttia\" \/>\n<script type=\"application\/ld+json\" class=\"yoast-schema-graph\">{\"@context\":\"https:\/\/schema.org\",\"@graph\":[{\"@type\":\"WebPage\",\"@id\":\"https:\/\/korihuoltomoksi.fi\/index.php\/atp-katsastus\/\",\"url\":\"https:\/\/korihuoltomoksi.fi\/index.php\/atp-katsastus\/\",\"name\":\"ATP-Katsastus - Korihuolto Moksi\",\"isPartOf\":{\"@id\":\"https:\/\/korihuoltomoksi.fi\/#website\"},\"datePublished\":\"2022-12-12T09:23:55+00:00\",\"dateModified\":\"2022-12-22T14:37:57+00:00\",\"description\":\"Korihuolto Moksi on virallinen ATP kausitarkastusasema.Teemme FNA ja FRC katsastukset.\",\"breadcrumb\":{\"@id\":\"https:\/\/korihuoltomoksi.fi\/index.php\/atp-katsastus\/#breadcrumb\"},\"inLanguage\":\"fi\",\"potentialAction\":[{\"@type\":\"ReadAction\",\"target\":[\"https:\/\/korihuoltomoksi.fi\/index.php\/atp-katsastus\/\"]}]},{\"@type\":\"BreadcrumbList\",\"@id\":\"https:\/\/korihuoltomoksi.fi\/index.php\/atp-katsastus\/#breadcrumb\",\"itemListElement\":[{\"@type\":\"ListItem\",\"position\":1,\"name\":\"Home\",\"item\":\"https:\/\/korihuoltomoksi.fi\/\"},{\"@type\":\"ListItem\",\"position\":2,\"name\":\"ATP-Katsastus\"}]},{\"@type\":\"WebSite\",\"@id\":\"https:\/\/korihuoltomoksi.fi\/#website\",\"url\":\"https:\/\/korihuoltomoksi.fi\/\",\"name\":\"Korihuolto Moksi\",\"description\":\"\",\"publisher\":{\"@id\":\"https:\/\/korihuoltomoksi.fi\/#organization\"},\"potentialAction\":[{\"@type\":\"SearchAction\",\"target\":{\"@type\":\"EntryPoint\",\"urlTemplate\":\"https:\/\/korihuoltomoksi.fi\/?s={search_term_string}\"},\"query-input\":{\"@type\":\"PropertyValueSpecification\",\"valueRequired\":true,\"valueName\":\"search_term_string\"}}],\"inLanguage\":\"fi\"},{\"@type\":\"Organization\",\"@id\":\"https:\/\/korihuoltomoksi.fi\/#organization\",\"name\":\"Korihuolto Moksi\",\"url\":\"https:\/\/korihuoltomoksi.fi\/\",\"logo\":{\"@type\":\"ImageObject\",\"inLanguage\":\"fi\",\"@id\":\"https:\/\/korihuoltomoksi.fi\/#\/schema\/logo\/image\/\",\"url\":\"https:\/\/korihuoltomoksi.fi\/wp-content\/uploads\/2022\/12\/3449x3449.png\",\"contentUrl\":\"https:\/\/korihuoltomoksi.fi\/wp-content\/uploads\/2022\/12\/3449x3449.png\",\"width\":3449,\"height\":3449,\"caption\":\"Korihuolto Moksi\"},\"image\":{\"@id\":\"https:\/\/korihuoltomoksi.fi\/#\/schema\/logo\/image\/\"}}]}<\/script>\n<!-- \/ Yoast SEO plugin. -->","yoast_head_json":{"title":"ATP-Katsastus - Korihuolto Moksi","description":"Korihuolto Moksi on virallinen ATP kausitarkastusasema.Teemme FNA ja FRC katsastukset.","robots":{"index":"index","follow":"follow","max-snippet":"max-snippet:-1","max-image-preview":"max-image-preview:large","max-video-preview":"max-video-preview:-1"},"canonical":"https:\/\/korihuoltomoksi.fi\/index.php\/atp-katsastus\/","og_locale":"fi_FI","og_type":"article","og_title":"ATP-Katsastus - Korihuolto Moksi","og_description":"Korihuolto Moksi on virallinen ATP kausitarkastusasema.Teemme FNA ja FRC katsastukset.","og_url":"https:\/\/korihuoltomoksi.fi\/index.php\/atp-katsastus\/","og_site_name":"Korihuolto Moksi","article_modified_time":"2022-12-22T14:37:57+00:00","twitter_card":"summary_large_image","twitter_misc":{"Arvioitu lukuaika":"2 minuuttia"},"schema":{"@context":"https:\/\/schema.org","@graph":[{"@type":"WebPage","@id":"https:\/\/korihuoltomoksi.fi\/index.php\/atp-katsastus\/","url":"https:\/\/korihuoltomoksi.fi\/index.php\/atp-katsastus\/","name":"ATP-Katsastus - Korihuolto Moksi","isPartOf":{"@id":"https:\/\/korihuoltomoksi.fi\/#website"},"datePublished":"2022-12-12T09:23:55+00:00","dateModified":"2022-12-22T14:37:57+00:00","description":"Korihuolto Moksi on virallinen ATP kausitarkastusasema.Teemme FNA ja FRC katsastukset.","breadcrumb":{"@id":"https:\/\/korihuoltomoksi.fi\/index.php\/atp-katsastus\/#breadcrumb"},"inLanguage":"fi","potentialAction":[{"@type":"ReadAction","target":["https:\/\/korihuoltomoksi.fi\/index.php\/atp-katsastus\/"]}]},{"@type":"BreadcrumbList","@id":"https:\/\/korihuoltomoksi.fi\/index.php\/atp-katsastus\/#breadcrumb","itemListElement":[{"@type":"ListItem","position":1,"name":"Home","item":"https:\/\/korihuoltomoksi.fi\/"},{"@type":"ListItem","position":2,"name":"ATP-Katsastus"}]},{"@type":"WebSite","@id":"https:\/\/korihuoltomoksi.fi\/#website","url":"https:\/\/korihuoltomoksi.fi\/","name":"Korihuolto Moksi","description":"","publisher":{"@id":"https:\/\/korihuoltomoksi.fi\/#organization"},"potentialAction":[{"@type":"SearchAction","target":{"@type":"EntryPoint","urlTemplate":"https:\/\/korihuoltomoksi.fi\/?s={search_term_string}"},"query-input":{"@type":"PropertyValueSpecification","valueRequired":true,"valueName":"search_term_string"}}],"inLanguage":"fi"},{"@type":"Organization","@id":"https:\/\/korihuoltomoksi.fi\/#organization","name":"Korihuolto Moksi","url":"https:\/\/korihuoltomoksi.fi\/","logo":{"@type":"ImageObject","inLanguage":"fi","@id":"https:\/\/korihuoltomoksi.fi\/#\/schema\/logo\/image\/","url":"https:\/\/korihuoltomoksi.fi\/wp-content\/uploads\/2022\/12\/3449x3449.png","contentUrl":"https:\/\/korihuoltomoksi.fi\/wp-content\/uploads\/2022\/12\/3449x3449.png","width":3449,"height":3449,"caption":"Korihuolto Moksi"},"image":{"@id":"https:\/\/korihuoltomoksi.fi\/#\/schema\/logo\/image\/"}}]}},"jetpack_sharing_enabled":true,"_links":{"self":[{"href":"https:\/\/korihuoltomoksi.fi\/index.php\/wp-json\/wp\/v2\/pages\/244","targetHints":{"allow":["GET"]}}],"collection":[{"href":"https:\/\/korihuoltomoksi.fi\/index.php\/wp-json\/wp\/v2\/pages"}],"about":[{"href":"https:\/\/korihuoltomoksi.fi\/index.php\/wp-json\/wp\/v2\/types\/page"}],"author":[{"embeddable":true,"href":"https:\/\/korihuoltomoksi.fi\/index.php\/wp-json\/wp\/v2\/users\/3"}],"replies":[{"embeddable":true,"href":"https:\/\/korihuoltomoksi.fi\/index.php\/wp-json\/wp\/v2\/comments?post=244"}],"version-history":[{"count":32,"href":"https:\/\/korihuoltomoksi.fi\/index.php\/wp-json\/wp\/v2\/pages\/244\/revisions"}],"predecessor-version":[{"id":2090,"href":"https:\/\/korihuoltomoksi.fi\/index.php\/wp-json\/wp\/v2\/pages\/244\/revisions\/2090"}],"wp:attachment":[{"href":"https:\/\/korihuoltomoksi.fi\/index.php\/wp-json\/wp\/v2\/media?parent=244"}],"curies":[{"name":"wp","href":"https:\/\/api.w.org\/{rel}","templated":true}]}}