{"id":246,"date":"2022-12-12T09:24:46","date_gmt":"2022-12-12T09:24:46","guid":{"rendered":"http:\/\/94.237.113.65\/~korihuol\/blog\/?page_id=246"},"modified":"2022-12-22T14:02:59","modified_gmt":"2022-12-22T14:02:59","slug":"mita-vakuutusyhtiot-korvaavat","status":"publish","type":"page","link":"https:\/\/korihuoltomoksi.fi\/index.php\/mita-vakuutusyhtiot-korvaavat\/","title":{"rendered":"Mit\u00e4 vakuutusyhti\u00f6t korvaavat?"},"content":{"rendered":"\t\t<div data-elementor-type=\"wp-page\" data-elementor-id=\"246\" class=\"elementor elementor-246\" data-elementor-post-type=\"page\">\n\t\t\t\t\t\t<section class=\"elementor-section elementor-top-section elementor-element elementor-element-a6c329f elementor-section-boxed elementor-section-height-default elementor-section-height-default elementor-invisible\" data-id=\"a6c329f\" data-element_type=\"section\" data-settings=\"{&quot;animation&quot;:&quot;fadeIn&quot;}\">\n\t\t\t\t\t\t<div class=\"elementor-container elementor-column-gap-default\">\n\t\t\t\t\t<div class=\"elementor-column elementor-col-100 elementor-top-column elementor-element elementor-element-d9041fa\" data-id=\"d9041fa\" data-element_type=\"column\">\n\t\t\t<div class=\"elementor-widget-wrap elementor-element-populated\">\n\t\t\t\t\t\t<section class=\"elementor-section elementor-inner-section elementor-element elementor-element-6a20732 elementor-section-boxed elementor-section-height-default elementor-section-height-default\" data-id=\"6a20732\" data-element_type=\"section\">\n\t\t\t\t\t\t<div class=\"elementor-container elementor-column-gap-default\">\n\t\t\t\t\t<div class=\"elementor-column elementor-col-100 elementor-inner-column elementor-element elementor-element-502ce3c\" data-id=\"502ce3c\" data-element_type=\"column\">\n\t\t\t<div class=\"elementor-widget-wrap elementor-element-populated\">\n\t\t\t\t\t\t<div class=\"elementor-element elementor-element-e09105b elementor-widget elementor-widget-heading\" data-id=\"e09105b\" data-element_type=\"widget\" data-widget_type=\"heading.default\">\n\t\t\t\t<div class=\"elementor-widget-container\">\n\t\t\t\t\t<h3 class=\"elementor-heading-title elementor-size-default\">Mit\u00e4 vakuutusyhti\u00f6t korvaavat<\/h3>\t\t\t\t<\/div>\n\t\t\t\t<\/div>\n\t\t\t\t<div class=\"elementor-element elementor-element-3036f17 elementor-widget elementor-widget-heading\" data-id=\"3036f17\" data-element_type=\"widget\" data-widget_type=\"heading.default\">\n\t\t\t\t<div class=\"elementor-widget-container\">\n\t\t\t\t\t<h3 class=\"elementor-heading-title elementor-size-default\">Syyllinen osapuoli tekee viivyttelem\u00e4tt\u00e4 vahinkoilmoituksen vakuutusyhti\u00f6lleen.<\/h3>\t\t\t\t<\/div>\n\t\t\t\t<\/div>\n\t\t\t\t\t<\/div>\n\t\t<\/div>\n\t\t\t\t\t<\/div>\n\t\t<\/section>\n\t\t\t\t<section class=\"elementor-section elementor-inner-section elementor-element elementor-element-16346f8 elementor-section-boxed elementor-section-height-default elementor-section-height-default\" data-id=\"16346f8\" data-element_type=\"section\">\n\t\t\t\t\t\t<div class=\"elementor-container elementor-column-gap-default\">\n\t\t\t\t\t<div class=\"elementor-column elementor-col-100 elementor-inner-column elementor-element elementor-element-b5d12b2\" data-id=\"b5d12b2\" data-element_type=\"column\">\n\t\t\t<div class=\"elementor-widget-wrap elementor-element-populated\">\n\t\t\t\t\t\t<div class=\"elementor-element elementor-element-ac06ff4 elementor-widget elementor-widget-text-editor\" data-id=\"ac06ff4\" data-element_type=\"widget\" data-widget_type=\"text-editor.default\">\n\t\t\t\t<div class=\"elementor-widget-container\">\n\t\t\t\t\t\t\t\t\t<p><strong>Linkkej\u00e4 vahinkoilmoituksiin:<\/strong><\/p><p><a href=\"http:\/\/www.fennia.fi\/\">Fennia<\/a>,\u00a0<a href=\"http:\/\/www.lahitapiola.fi\/henkilo\">L\u00e4hiTapiola<\/a>,\u00a0<a href=\"https:\/\/www.pohjola.fi\/pohjola?id=300000\">Pohjola<\/a>,\u00a0<a href=\"http:\/\/www.folksam.se\/\">Folksam<\/a>,\u00a0<a href=\"http:\/\/www.aktia.fi\/fi\/\">Aktia<\/a>,\u00a0<a href=\"https:\/\/www.if.fi\/\">If<\/a>,\u00a0<a href=\"http:\/\/www.tryg.com\/en\/home\">Tryg<\/a><\/p>\t\t\t\t\t\t\t\t<\/div>\n\t\t\t\t<\/div>\n\t\t\t\t<div class=\"elementor-element elementor-element-e743f88 elementor-widget elementor-widget-text-editor\" data-id=\"e743f88\" data-element_type=\"widget\" data-widget_type=\"text-editor.default\">\n\t\t\t\t<div class=\"elementor-widget-container\">\n\t\t\t\t\t\t\t\t\t<p>Vahingon aiheuttaneen osapuolen liikennevakuutus korvaa syytt\u00f6m\u00e4lle osapuolelle aiheutuneet vahingot.\u00a0<br \/>Ep\u00e4selviss\u00e4 tilanteissa voit k\u00e4ytt\u00e4\u00e4 omaa autovakuutusta (KASKOA).\u00a0<br \/>Sovi vahinkojen tarkastamisesta korvaavan vakuutusyhti\u00f6n kanssa. Vahinkotarkastuksessa selvitet\u00e4\u00e4n vahingon m\u00e4\u00e4r\u00e4 ja sovitaan korvausmenettely. Vahinkotarkastus voidaan yksinkertaisissa vahingoissa tehd\u00e4 my\u00f6s meill\u00e4 ja sen suhteen asioimme vahinkotarkastajan kanssa<\/p>\t\t\t\t\t\t\t\t<\/div>\n\t\t\t\t<\/div>\n\t\t\t\t<div class=\"elementor-element elementor-element-02f5b26 elementor-widget elementor-widget-heading\" data-id=\"02f5b26\" data-element_type=\"widget\" data-widget_type=\"heading.default\">\n\t\t\t\t<div class=\"elementor-widget-container\">\n\t\t\t\t\t<h3 class=\"elementor-heading-title elementor-size-default\">Huomioi t\u00e4m\u00e4 korjausty\u00f6t\u00e4 tilattaessa:<\/h3>\t\t\t\t<\/div>\n\t\t\t\t<\/div>\n\t\t\t\t<div class=\"elementor-element elementor-element-7a606a7 elementor-widget elementor-widget-text-editor\" data-id=\"7a606a7\" data-element_type=\"widget\" data-widget_type=\"text-editor.default\">\n\t\t\t\t<div class=\"elementor-widget-container\">\n\t\t\t\t\t\t\t\t\t<p>Korjausty\u00f6n tilaaja on aina asiakas, mutta laskutusluvan saatuaan korjaamo laskuttaa suoraan vakuutusyhti\u00f6t\u00e4.\u00a0<br \/>Laskutuslupa my\u00f6nnet\u00e4\u00e4n vakuutusyhti\u00f6st\u00e4 korjaamolle oikein t\u00e4ytetyn ja allekirjoitetun vahinkoilmoituksen perusteella.\u00a0<br \/>Mik\u00e4li laskutuslupaa ei saada maksaa koko ty\u00f6n korjauksen tilannut asiakas.\u00a0<br \/>Asiakkaan ja\/tai mahdollisen leasing-yhti\u00f6n maksettavaksi j\u00e4\u00e4 vakuutuksen omavastuu ja \u00a0asiakkaan ollessa arvonlis\u00e4vero velvollinen,\u00a0korjausty\u00f6n arvonlis\u00e4vero.<br \/>Seisonta p\u00e4iv\u00e4t on mainittu korjaamo laskussa,\u00a0Seisontap\u00e4iv\u00e4todistuksen perusteella vakuutusyhti\u00f6 voi maksaa\u00a0korvausta korjaamop\u00e4ivist\u00e4.<\/p><p>Toimiessanne yll\u00e4 mainitulla tavalla ty\u00f6 nopeutuu eik\u00e4 ep\u00e4selvyyksi\u00e4 laskutukseen tule.<\/p><p>\u00a0<\/p><h6><strong>Yhteisty\u00f6terveisin,<\/strong><\/h6><h6><strong>Korihuolto Moksin henkil\u00f6kunta<\/strong><\/h6>\t\t\t\t\t\t\t\t<\/div>\n\t\t\t\t<\/div>\n\t\t\t\t\t<\/div>\n\t\t<\/div>\n\t\t\t\t\t<\/div>\n\t\t<\/section>\n\t\t\t\t\t<\/div>\n\t\t<\/div>\n\t\t\t\t\t<\/div>\n\t\t<\/section>\n\t\t\t\t<\/div>\n\t\t","protected":false},"excerpt":{"rendered":"<p>Mit\u00e4 vakuutusyhti\u00f6t korvaavat Syyllinen osapuoli tekee viivyttelem\u00e4tt\u00e4 vahinkoilmoituksen vakuutusyhti\u00f6lleen. Linkkej\u00e4 vahinkoilmoituksiin: Fennia,\u00a0L\u00e4hiTapiola,\u00a0Pohjola,\u00a0Folksam,\u00a0Aktia,\u00a0If,\u00a0Tryg Vahingon aiheuttaneen osapuolen liikennevakuutus korvaa syytt\u00f6m\u00e4lle osapuolelle aiheutuneet vahingot.\u00a0Ep\u00e4selviss\u00e4 tilanteissa voit k\u00e4ytt\u00e4\u00e4 omaa autovakuutusta (KASKOA).\u00a0Sovi vahinkojen tarkastamisesta korvaavan vakuutusyhti\u00f6n kanssa. Vahinkotarkastuksessa selvitet\u00e4\u00e4n vahingon m\u00e4\u00e4r\u00e4 ja sovitaan korvausmenettely. Vahinkotarkastus voidaan yksinkertaisissa vahingoissa tehd\u00e4 my\u00f6s meill\u00e4 ja sen suhteen asioimme vahinkotarkastajan kanssa Huomioi t\u00e4m\u00e4 korjausty\u00f6t\u00e4 [&hellip;]<\/p>\n","protected":false},"author":3,"featured_media":0,"parent":0,"menu_order":0,"comment_status":"closed","ping_status":"closed","template":"elementor_header_footer","meta":{"_monsterinsights_skip_tracking":false,"_monsterinsights_sitenote_active":false,"_monsterinsights_sitenote_note":"","_monsterinsights_sitenote_category":0,"footnotes":""},"class_list":["post-246","page","type-page","status-publish","hentry"],"yoast_head":"<!-- This site is optimized with the Yoast SEO plugin v25.0 - https:\/\/yoast.com\/wordpress\/plugins\/seo\/ -->\n<title>Mit\u00e4 vakuutusyhti\u00f6t korvaavat? - Korihuolto Moksi<\/title>\n<meta name=\"description\" content=\"Vahingon aiheuttaneen osapuolen liikennevakuutus korvaa syytt\u00f6m\u00e4lle osapuolelle aiheutuneet vahingot.\u00a0Ep\u00e4selviss\u00e4 tilanteissa voit k\u00e4ytt\u00e4\u00e4 omaa autovakuutusta (KASKOA).\u00a0\" \/>\n<meta name=\"robots\" content=\"index, follow, max-snippet:-1, max-image-preview:large, max-video-preview:-1\" \/>\n<link rel=\"canonical\" href=\"https:\/\/korihuoltomoksi.fi\/index.php\/mita-vakuutusyhtiot-korvaavat\/\" \/>\n<meta property=\"og:locale\" content=\"fi_FI\" \/>\n<meta property=\"og:type\" content=\"article\" \/>\n<meta property=\"og:title\" content=\"Mit\u00e4 vakuutusyhti\u00f6t korvaavat? - Korihuolto Moksi\" \/>\n<meta property=\"og:description\" content=\"Vahingon aiheuttaneen osapuolen liikennevakuutus korvaa syytt\u00f6m\u00e4lle osapuolelle aiheutuneet vahingot.\u00a0Ep\u00e4selviss\u00e4 tilanteissa voit k\u00e4ytt\u00e4\u00e4 omaa autovakuutusta (KASKOA).\u00a0\" \/>\n<meta property=\"og:url\" content=\"https:\/\/korihuoltomoksi.fi\/index.php\/mita-vakuutusyhtiot-korvaavat\/\" \/>\n<meta property=\"og:site_name\" content=\"Korihuolto Moksi\" \/>\n<meta property=\"article:modified_time\" content=\"2022-12-22T14:02:59+00:00\" \/>\n<meta name=\"twitter:card\" content=\"summary_large_image\" \/>\n<meta name=\"twitter:label1\" content=\"Arvioitu lukuaika\" \/>\n\t<meta name=\"twitter:data1\" content=\"1 minuutti\" \/>\n<script type=\"application\/ld+json\" class=\"yoast-schema-graph\">{\"@context\":\"https:\/\/schema.org\",\"@graph\":[{\"@type\":\"WebPage\",\"@id\":\"https:\/\/korihuoltomoksi.fi\/index.php\/mita-vakuutusyhtiot-korvaavat\/\",\"url\":\"https:\/\/korihuoltomoksi.fi\/index.php\/mita-vakuutusyhtiot-korvaavat\/\",\"name\":\"Mit\u00e4 vakuutusyhti\u00f6t korvaavat? - Korihuolto Moksi\",\"isPartOf\":{\"@id\":\"https:\/\/korihuoltomoksi.fi\/#website\"},\"datePublished\":\"2022-12-12T09:24:46+00:00\",\"dateModified\":\"2022-12-22T14:02:59+00:00\",\"description\":\"Vahingon aiheuttaneen osapuolen liikennevakuutus korvaa syytt\u00f6m\u00e4lle osapuolelle aiheutuneet vahingot.\u00a0Ep\u00e4selviss\u00e4 tilanteissa voit k\u00e4ytt\u00e4\u00e4 omaa autovakuutusta (KASKOA).\u00a0\",\"breadcrumb\":{\"@id\":\"https:\/\/korihuoltomoksi.fi\/index.php\/mita-vakuutusyhtiot-korvaavat\/#breadcrumb\"},\"inLanguage\":\"fi\",\"potentialAction\":[{\"@type\":\"ReadAction\",\"target\":[\"https:\/\/korihuoltomoksi.fi\/index.php\/mita-vakuutusyhtiot-korvaavat\/\"]}]},{\"@type\":\"BreadcrumbList\",\"@id\":\"https:\/\/korihuoltomoksi.fi\/index.php\/mita-vakuutusyhtiot-korvaavat\/#breadcrumb\",\"itemListElement\":[{\"@type\":\"ListItem\",\"position\":1,\"name\":\"Home\",\"item\":\"https:\/\/korihuoltomoksi.fi\/\"},{\"@type\":\"ListItem\",\"position\":2,\"name\":\"Mit\u00e4 vakuutusyhti\u00f6t korvaavat?\"}]},{\"@type\":\"WebSite\",\"@id\":\"https:\/\/korihuoltomoksi.fi\/#website\",\"url\":\"https:\/\/korihuoltomoksi.fi\/\",\"name\":\"Korihuolto Moksi\",\"description\":\"\",\"publisher\":{\"@id\":\"https:\/\/korihuoltomoksi.fi\/#organization\"},\"potentialAction\":[{\"@type\":\"SearchAction\",\"target\":{\"@type\":\"EntryPoint\",\"urlTemplate\":\"https:\/\/korihuoltomoksi.fi\/?s={search_term_string}\"},\"query-input\":{\"@type\":\"PropertyValueSpecification\",\"valueRequired\":true,\"valueName\":\"search_term_string\"}}],\"inLanguage\":\"fi\"},{\"@type\":\"Organization\",\"@id\":\"https:\/\/korihuoltomoksi.fi\/#organization\",\"name\":\"Korihuolto Moksi\",\"url\":\"https:\/\/korihuoltomoksi.fi\/\",\"logo\":{\"@type\":\"ImageObject\",\"inLanguage\":\"fi\",\"@id\":\"https:\/\/korihuoltomoksi.fi\/#\/schema\/logo\/image\/\",\"url\":\"https:\/\/korihuoltomoksi.fi\/wp-content\/uploads\/2022\/12\/3449x3449.png\",\"contentUrl\":\"https:\/\/korihuoltomoksi.fi\/wp-content\/uploads\/2022\/12\/3449x3449.png\",\"width\":3449,\"height\":3449,\"caption\":\"Korihuolto Moksi\"},\"image\":{\"@id\":\"https:\/\/korihuoltomoksi.fi\/#\/schema\/logo\/image\/\"}}]}<\/script>\n<!-- \/ Yoast SEO plugin. -->","yoast_head_json":{"title":"Mit\u00e4 vakuutusyhti\u00f6t korvaavat? - Korihuolto Moksi","description":"Vahingon aiheuttaneen osapuolen liikennevakuutus korvaa syytt\u00f6m\u00e4lle osapuolelle aiheutuneet vahingot.\u00a0Ep\u00e4selviss\u00e4 tilanteissa voit k\u00e4ytt\u00e4\u00e4 omaa autovakuutusta (KASKOA).\u00a0","robots":{"index":"index","follow":"follow","max-snippet":"max-snippet:-1","max-image-preview":"max-image-preview:large","max-video-preview":"max-video-preview:-1"},"canonical":"https:\/\/korihuoltomoksi.fi\/index.php\/mita-vakuutusyhtiot-korvaavat\/","og_locale":"fi_FI","og_type":"article","og_title":"Mit\u00e4 vakuutusyhti\u00f6t korvaavat? - Korihuolto Moksi","og_description":"Vahingon aiheuttaneen osapuolen liikennevakuutus korvaa syytt\u00f6m\u00e4lle osapuolelle aiheutuneet vahingot.\u00a0Ep\u00e4selviss\u00e4 tilanteissa voit k\u00e4ytt\u00e4\u00e4 omaa autovakuutusta (KASKOA).\u00a0","og_url":"https:\/\/korihuoltomoksi.fi\/index.php\/mita-vakuutusyhtiot-korvaavat\/","og_site_name":"Korihuolto Moksi","article_modified_time":"2022-12-22T14:02:59+00:00","twitter_card":"summary_large_image","twitter_misc":{"Arvioitu lukuaika":"1 minuutti"},"schema":{"@context":"https:\/\/schema.org","@graph":[{"@type":"WebPage","@id":"https:\/\/korihuoltomoksi.fi\/index.php\/mita-vakuutusyhtiot-korvaavat\/","url":"https:\/\/korihuoltomoksi.fi\/index.php\/mita-vakuutusyhtiot-korvaavat\/","name":"Mit\u00e4 vakuutusyhti\u00f6t korvaavat? - Korihuolto Moksi","isPartOf":{"@id":"https:\/\/korihuoltomoksi.fi\/#website"},"datePublished":"2022-12-12T09:24:46+00:00","dateModified":"2022-12-22T14:02:59+00:00","description":"Vahingon aiheuttaneen osapuolen liikennevakuutus korvaa syytt\u00f6m\u00e4lle osapuolelle aiheutuneet vahingot.\u00a0Ep\u00e4selviss\u00e4 tilanteissa voit k\u00e4ytt\u00e4\u00e4 omaa autovakuutusta (KASKOA).\u00a0","breadcrumb":{"@id":"https:\/\/korihuoltomoksi.fi\/index.php\/mita-vakuutusyhtiot-korvaavat\/#breadcrumb"},"inLanguage":"fi","potentialAction":[{"@type":"ReadAction","target":["https:\/\/korihuoltomoksi.fi\/index.php\/mita-vakuutusyhtiot-korvaavat\/"]}]},{"@type":"BreadcrumbList","@id":"https:\/\/korihuoltomoksi.fi\/index.php\/mita-vakuutusyhtiot-korvaavat\/#breadcrumb","itemListElement":[{"@type":"ListItem","position":1,"name":"Home","item":"https:\/\/korihuoltomoksi.fi\/"},{"@type":"ListItem","position":2,"name":"Mit\u00e4 vakuutusyhti\u00f6t korvaavat?"}]},{"@type":"WebSite","@id":"https:\/\/korihuoltomoksi.fi\/#website","url":"https:\/\/korihuoltomoksi.fi\/","name":"Korihuolto Moksi","description":"","publisher":{"@id":"https:\/\/korihuoltomoksi.fi\/#organization"},"potentialAction":[{"@type":"SearchAction","target":{"@type":"EntryPoint","urlTemplate":"https:\/\/korihuoltomoksi.fi\/?s={search_term_string}"},"query-input":{"@type":"PropertyValueSpecification","valueRequired":true,"valueName":"search_term_string"}}],"inLanguage":"fi"},{"@type":"Organization","@id":"https:\/\/korihuoltomoksi.fi\/#organization","name":"Korihuolto Moksi","url":"https:\/\/korihuoltomoksi.fi\/","logo":{"@type":"ImageObject","inLanguage":"fi","@id":"https:\/\/korihuoltomoksi.fi\/#\/schema\/logo\/image\/","url":"https:\/\/korihuoltomoksi.fi\/wp-content\/uploads\/2022\/12\/3449x3449.png","contentUrl":"https:\/\/korihuoltomoksi.fi\/wp-content\/uploads\/2022\/12\/3449x3449.png","width":3449,"height":3449,"caption":"Korihuolto Moksi"},"image":{"@id":"https:\/\/korihuoltomoksi.fi\/#\/schema\/logo\/image\/"}}]}},"jetpack_sharing_enabled":true,"_links":{"self":[{"href":"https:\/\/korihuoltomoksi.fi\/index.php\/wp-json\/wp\/v2\/pages\/246","targetHints":{"allow":["GET"]}}],"collection":[{"href":"https:\/\/korihuoltomoksi.fi\/index.php\/wp-json\/wp\/v2\/pages"}],"about":[{"href":"https:\/\/korihuoltomoksi.fi\/index.php\/wp-json\/wp\/v2\/types\/page"}],"author":[{"embeddable":true,"href":"https:\/\/korihuoltomoksi.fi\/index.php\/wp-json\/wp\/v2\/users\/3"}],"replies":[{"embeddable":true,"href":"https:\/\/korihuoltomoksi.fi\/index.php\/wp-json\/wp\/v2\/comments?post=246"}],"version-history":[{"count":23,"href":"https:\/\/korihuoltomoksi.fi\/index.php\/wp-json\/wp\/v2\/pages\/246\/revisions"}],"predecessor-version":[{"id":2021,"href":"https:\/\/korihuoltomoksi.fi\/index.php\/wp-json\/wp\/v2\/pages\/246\/revisions\/2021"}],"wp:attachment":[{"href":"https:\/\/korihuoltomoksi.fi\/index.php\/wp-json\/wp\/v2\/media?parent=246"}],"curies":[{"name":"wp","href":"https:\/\/api.w.org\/{rel}","templated":true}]}}