{"id":254,"date":"2022-12-12T09:28:41","date_gmt":"2022-12-12T09:28:41","guid":{"rendered":"http:\/\/94.237.113.65\/~korihuol\/blog\/?page_id=254"},"modified":"2023-10-26T22:44:03","modified_gmt":"2023-10-26T22:44:03","slug":"hae-meille-toihin","status":"publish","type":"page","link":"https:\/\/korihuoltomoksi.fi\/index.php\/hae-meille-toihin\/","title":{"rendered":"Hae meille t\u00f6ihin"},"content":{"rendered":"\t\t<div data-elementor-type=\"wp-page\" data-elementor-id=\"254\" class=\"elementor elementor-254\" data-elementor-post-type=\"page\">\n\t\t\t\t\t\t<section class=\"elementor-section elementor-top-section elementor-element elementor-element-ba8adb5 elementor-section-boxed elementor-section-height-default elementor-section-height-default elementor-invisible\" data-id=\"ba8adb5\" data-element_type=\"section\" data-settings=\"{&quot;animation&quot;:&quot;fadeIn&quot;}\">\n\t\t\t\t\t\t<div class=\"elementor-container elementor-column-gap-default\">\n\t\t\t\t\t<div class=\"elementor-column elementor-col-100 elementor-top-column elementor-element elementor-element-4765814\" data-id=\"4765814\" data-element_type=\"column\">\n\t\t\t<div class=\"elementor-widget-wrap elementor-element-populated\">\n\t\t\t\t\t\t<section class=\"elementor-section elementor-inner-section elementor-element elementor-element-1ddf27c elementor-section-boxed elementor-section-height-default elementor-section-height-default\" data-id=\"1ddf27c\" data-element_type=\"section\">\n\t\t\t\t\t\t<div class=\"elementor-container elementor-column-gap-default\">\n\t\t\t\t\t<div class=\"elementor-column elementor-col-100 elementor-inner-column elementor-element elementor-element-f0a20b5\" data-id=\"f0a20b5\" data-element_type=\"column\">\n\t\t\t<div class=\"elementor-widget-wrap elementor-element-populated\">\n\t\t\t\t\t\t<div class=\"elementor-element elementor-element-50d6dd7 elementor-widget elementor-widget-heading\" data-id=\"50d6dd7\" data-element_type=\"widget\" data-widget_type=\"heading.default\">\n\t\t\t\t<div class=\"elementor-widget-container\">\n\t\t\t\t\t<h3 class=\"elementor-heading-title elementor-size-default\">Korihuolto Moksi rekrytointi<\/h3>\t\t\t\t<\/div>\n\t\t\t\t<\/div>\n\t\t\t\t\t<\/div>\n\t\t<\/div>\n\t\t\t\t\t<\/div>\n\t\t<\/section>\n\t\t\t\t<section class=\"elementor-section elementor-inner-section elementor-element elementor-element-deea645 elementor-section-boxed elementor-section-height-default elementor-section-height-default\" data-id=\"deea645\" data-element_type=\"section\">\n\t\t\t\t\t\t<div class=\"elementor-container elementor-column-gap-default\">\n\t\t\t\t\t<div class=\"elementor-column elementor-col-100 elementor-inner-column elementor-element elementor-element-53e2a85\" data-id=\"53e2a85\" data-element_type=\"column\">\n\t\t\t<div class=\"elementor-widget-wrap elementor-element-populated\">\n\t\t\t\t\t\t<div class=\"elementor-element elementor-element-1aefdba elementor-widget elementor-widget-text-editor\" data-id=\"1aefdba\" data-element_type=\"widget\" data-widget_type=\"text-editor.default\">\n\t\t\t\t<div class=\"elementor-widget-container\">\n\t\t\t\t\t\t\t\t\t<p>Korihuolto Moksi on aina valmiina vastaanottamaan motivoituneita ja osaavia ty\u00f6ntekij\u00f6it\u00e4. Etsimme t\u00e4ll\u00e4 hetkell\u00e4 raskaan kaluston parissa ty\u00f6skentelevi\u00e4 asentajia. Alan koulutus ja ty\u00f6kokemus n\u00e4hd\u00e4\u00e4n etuna. Ty\u00f6paikkana Korihuolto Moksi on rento ja turvallinen. Vaikka t\u00e4ht\u00e4\u00e4mme tehokkuuteen toiminnassamme, on meill\u00e4 niin henkil\u00f6kunnan kuten my\u00f6s asiakkaiden v\u00e4lill\u00e4 ty\u00f6mukavuutta edist\u00e4v\u00e4 hyv\u00e4 ilmapiiri.<\/p><p>CV tai vapaamuotoinen ty\u00f6hakemus eiv\u00e4t ole v\u00e4ltt\u00e4m\u00e4tt\u00f6mi\u00e4 t\u00e4ytt\u00e4\u00e4.<\/p><p>Olemme yhteydess\u00e4, mik\u00e4li hakemuksesi t\u00e4ytt\u00e4\u00e4 meid\u00e4n kriteerimme.<\/p><p>Ensimm\u00e4inen askel kohti Korihuolto Moksissa ty\u00f6skentely\u00e4 k\u00e4y t\u00e4ytt\u00e4m\u00e4ll\u00e4 alla oleva hakemus:<\/p>\t\t\t\t\t\t\t\t<\/div>\n\t\t\t\t<\/div>\n\t\t\t\t<div class=\"elementor-element elementor-element-f57e07d elementor-button-align-start elementor-widget elementor-widget-form\" data-id=\"f57e07d\" data-element_type=\"widget\" data-settings=\"{&quot;step_next_label&quot;:&quot;Seuraava&quot;,&quot;step_previous_label&quot;:&quot;Takaisin&quot;,&quot;button_width&quot;:&quot;100&quot;,&quot;step_type&quot;:&quot;number_text&quot;,&quot;step_icon_shape&quot;:&quot;circle&quot;}\" data-widget_type=\"form.default\">\n\t\t\t\t<div class=\"elementor-widget-container\">\n\t\t\t\t\t\t\t<form class=\"elementor-form\" method=\"post\" name=\"New Form\">\n\t\t\t<input type=\"hidden\" name=\"post_id\" value=\"254\"\/>\n\t\t\t<input type=\"hidden\" name=\"form_id\" value=\"f57e07d\"\/>\n\t\t\t<input type=\"hidden\" name=\"referer_title\" value=\"Korihuolto Moksi\" \/>\n\n\t\t\t\n\t\t\t<div class=\"elementor-form-fields-wrapper elementor-labels-above\">\n\t\t\t\t\t\t\t\t<div class=\"elementor-field-type-text elementor-field-group elementor-column elementor-field-group-name elementor-col-100 elementor-field-required\">\n\t\t\t\t\t\t\t\t\t\t\t\t<label for=\"form-field-name\" class=\"elementor-field-label\">\n\t\t\t\t\t\t\t\tEtu- ja sukunimi\t\t\t\t\t\t\t<\/label>\n\t\t\t\t\t\t\t\t\t\t\t\t\t\t<input size=\"1\" type=\"text\" name=\"form_fields[name]\" id=\"form-field-name\" class=\"elementor-field elementor-size-sm  elementor-field-textual\" required=\"required\">\n\t\t\t\t\t\t\t\t\t\t\t<\/div>\n\t\t\t\t\t\t\t\t<div class=\"elementor-field-type-email elementor-field-group elementor-column elementor-field-group-email elementor-col-100 elementor-field-required\">\n\t\t\t\t\t\t\t\t\t\t\t\t<label for=\"form-field-email\" class=\"elementor-field-label\">\n\t\t\t\t\t\t\t\tS\u00e4hk\u00f6posti\t\t\t\t\t\t\t<\/label>\n\t\t\t\t\t\t\t\t\t\t\t\t\t\t<input size=\"1\" type=\"email\" name=\"form_fields[email]\" id=\"form-field-email\" class=\"elementor-field elementor-size-sm  elementor-field-textual\" required=\"required\">\n\t\t\t\t\t\t\t\t\t\t\t<\/div>\n\t\t\t\t\t\t\t\t<div class=\"elementor-field-type-tel elementor-field-group elementor-column elementor-field-group-message elementor-col-100\">\n\t\t\t\t\t\t\t\t\t\t\t\t<label for=\"form-field-message\" class=\"elementor-field-label\">\n\t\t\t\t\t\t\t\tPuhelinnumero\t\t\t\t\t\t\t<\/label>\n\t\t\t\t\t\t\t\t<input size=\"1\" type=\"tel\" name=\"form_fields[message]\" id=\"form-field-message\" class=\"elementor-field elementor-size-sm  elementor-field-textual\" pattern=\"[0-9()#&amp;+*-=.]+\" title=\"Only numbers and phone characters (#, -, *, etc) are accepted.\">\n\n\t\t\t\t\t\t<\/div>\n\t\t\t\t\t\t\t\t<div class=\"elementor-field-type-text elementor-field-group elementor-column elementor-field-group-field_c505585 elementor-col-100 elementor-field-required\">\n\t\t\t\t\t\t\t\t\t\t\t\t<label for=\"form-field-field_c505585\" class=\"elementor-field-label\">\n\t\t\t\t\t\t\t\tSyntym\u00e4aika (pp.kk.vvvv)\t\t\t\t\t\t\t<\/label>\n\t\t\t\t\t\t\t\t\t\t\t\t\t\t<input size=\"1\" type=\"text\" name=\"form_fields[field_c505585]\" id=\"form-field-field_c505585\" class=\"elementor-field elementor-size-sm  elementor-field-textual\" required=\"required\">\n\t\t\t\t\t\t\t\t\t\t\t<\/div>\n\t\t\t\t\t\t\t\t<div class=\"elementor-field-type-text elementor-field-group elementor-column elementor-field-group-field_e0bd316 elementor-col-100\">\n\t\t\t\t\t\t\t\t\t\t\t\t<label for=\"form-field-field_e0bd316\" class=\"elementor-field-label\">\n\t\t\t\t\t\t\t\tAjokorttiluokka\t\t\t\t\t\t\t<\/label>\n\t\t\t\t\t\t\t\t\t\t\t\t\t\t<input size=\"1\" type=\"text\" name=\"form_fields[field_e0bd316]\" id=\"form-field-field_e0bd316\" class=\"elementor-field elementor-size-sm  elementor-field-textual\">\n\t\t\t\t\t\t\t\t\t\t\t<\/div>\n\t\t\t\t\t\t\t\t<div class=\"elementor-field-type-textarea elementor-field-group elementor-column elementor-field-group-field_8a92a75 elementor-col-100\">\n\t\t\t\t\t\t\t\t\t\t\t\t<label for=\"form-field-field_8a92a75\" class=\"elementor-field-label\">\n\t\t\t\t\t\t\t\tLyhyt esittely koulutuksestasi tai alan ty\u00f6kokemuksesta\t\t\t\t\t\t\t<\/label>\n\t\t\t\t\t\t<textarea class=\"elementor-field-textual elementor-field  elementor-size-sm\" name=\"form_fields[field_8a92a75]\" id=\"form-field-field_8a92a75\" rows=\"4\"><\/textarea>\t\t\t\t<\/div>\n\t\t\t\t\t\t\t\t<div class=\"elementor-field-type-upload elementor-field-group elementor-column elementor-field-group-field_730cee3 elementor-col-100\">\n\t\t\t\t\t\t\t\t\t\t\t\t<label for=\"form-field-field_730cee3\" class=\"elementor-field-label\">\n\t\t\t\t\t\t\t\tCV tai kirjallinen ty\u00f6hakemus\t\t\t\t\t\t\t<\/label>\n\t\t\t\t\t\t\t\t<input type=\"file\" name=\"form_fields[field_730cee3][]\" id=\"form-field-field_730cee3\" class=\"elementor-field elementor-size-sm  elementor-upload-field\" multiple=\"multiple\">\n\n\t\t\t\t\t\t<\/div>\n\t\t\t\t\t\t\t\t<div class=\"elementor-field-type-recaptcha_v3 elementor-field-group elementor-column elementor-field-group-field_61834ee elementor-col-100 recaptcha_v3-inline\">\n\t\t\t\t\t<div class=\"elementor-field\" id=\"form-field-field_61834ee\"><div class=\"elementor-g-recaptcha\" data-sitekey=\"6LeAUssoAAAAANd38G-tFh-l9LGxtsR9dtqyU_PK\" data-type=\"v3\" data-action=\"Form\" data-badge=\"inline\" data-size=\"invisible\"><\/div><\/div>\t\t\t\t<\/div>\n\t\t\t\t\t\t\t\t<div class=\"elementor-field-group elementor-column elementor-field-type-submit elementor-col-100 e-form__buttons\">\n\t\t\t\t\t<button class=\"elementor-button elementor-size-sm\" type=\"submit\">\n\t\t\t\t\t\t<span class=\"elementor-button-content-wrapper\">\n\t\t\t\t\t\t\t\t\t\t\t\t\t\t\t\t\t\t\t\t\t\t<span class=\"elementor-button-text\">L\u00e4het\u00e4<\/span>\n\t\t\t\t\t\t\t\t\t\t\t\t\t<\/span>\n\t\t\t\t\t<\/button>\n\t\t\t\t<\/div>\n\t\t\t<\/div>\n\t\t<\/form>\n\t\t\t\t\t\t<\/div>\n\t\t\t\t<\/div>\n\t\t\t\t\t<\/div>\n\t\t<\/div>\n\t\t\t\t\t<\/div>\n\t\t<\/section>\n\t\t\t\t\t<\/div>\n\t\t<\/div>\n\t\t\t\t\t<\/div>\n\t\t<\/section>\n\t\t\t\t<\/div>\n\t\t","protected":false},"excerpt":{"rendered":"<p>Korihuolto Moksi rekrytointi Korihuolto Moksi on aina valmiina vastaanottamaan motivoituneita ja osaavia ty\u00f6ntekij\u00f6it\u00e4. Etsimme t\u00e4ll\u00e4 hetkell\u00e4 raskaan kaluston parissa ty\u00f6skentelevi\u00e4 asentajia. Alan koulutus ja ty\u00f6kokemus n\u00e4hd\u00e4\u00e4n etuna. Ty\u00f6paikkana Korihuolto Moksi on rento ja turvallinen. Vaikka t\u00e4ht\u00e4\u00e4mme tehokkuuteen toiminnassamme, on meill\u00e4 niin henkil\u00f6kunnan kuten my\u00f6s asiakkaiden v\u00e4lill\u00e4 ty\u00f6mukavuutta edist\u00e4v\u00e4 hyv\u00e4 ilmapiiri. CV tai vapaamuotoinen ty\u00f6hakemus eiv\u00e4t [&hellip;]<\/p>\n","protected":false},"author":3,"featured_media":0,"parent":0,"menu_order":0,"comment_status":"closed","ping_status":"closed","template":"elementor_header_footer","meta":{"_monsterinsights_skip_tracking":false,"_monsterinsights_sitenote_active":false,"_monsterinsights_sitenote_note":"","_monsterinsights_sitenote_category":0,"footnotes":""},"class_list":["post-254","page","type-page","status-publish","hentry"],"yoast_head":"<!-- This site is optimized with the Yoast SEO plugin v25.0 - https:\/\/yoast.com\/wordpress\/plugins\/seo\/ -->\n<title>Hae meille t\u00f6ihin - Korihuolto Moksi<\/title>\n<meta name=\"description\" content=\"Korihuolto Moksi on aina valmiina vastaanottamaan motivoituneita ja osaavia ty\u00f6ntekij\u00f6it\u00e4. Etsimme t\u00e4ll\u00e4 hetkell\u00e4 raskaan kaluston parissa ty\u00f6skentelevi\u00e4 asentajia. Alan koulutus ja ty\u00f6kokemus n\u00e4hd\u00e4\u00e4n etuna.\" \/>\n<meta name=\"robots\" content=\"index, follow, max-snippet:-1, max-image-preview:large, max-video-preview:-1\" \/>\n<link rel=\"canonical\" href=\"https:\/\/korihuoltomoksi.fi\/index.php\/hae-meille-toihin\/\" \/>\n<meta property=\"og:locale\" content=\"fi_FI\" \/>\n<meta property=\"og:type\" content=\"article\" \/>\n<meta property=\"og:title\" content=\"Hae meille t\u00f6ihin - Korihuolto Moksi\" \/>\n<meta property=\"og:description\" content=\"Korihuolto Moksi on aina valmiina vastaanottamaan motivoituneita ja osaavia ty\u00f6ntekij\u00f6it\u00e4. Etsimme t\u00e4ll\u00e4 hetkell\u00e4 raskaan kaluston parissa ty\u00f6skentelevi\u00e4 asentajia. Alan koulutus ja ty\u00f6kokemus n\u00e4hd\u00e4\u00e4n etuna.\" \/>\n<meta property=\"og:url\" content=\"https:\/\/korihuoltomoksi.fi\/index.php\/hae-meille-toihin\/\" \/>\n<meta property=\"og:site_name\" content=\"Korihuolto Moksi\" \/>\n<meta property=\"article:modified_time\" content=\"2023-10-26T22:44:03+00:00\" \/>\n<meta name=\"twitter:card\" content=\"summary_large_image\" \/>\n<meta name=\"twitter:label1\" content=\"Arvioitu lukuaika\" \/>\n\t<meta name=\"twitter:data1\" content=\"1 minuutti\" \/>\n<script type=\"application\/ld+json\" class=\"yoast-schema-graph\">{\"@context\":\"https:\/\/schema.org\",\"@graph\":[{\"@type\":\"WebPage\",\"@id\":\"https:\/\/korihuoltomoksi.fi\/index.php\/hae-meille-toihin\/\",\"url\":\"https:\/\/korihuoltomoksi.fi\/index.php\/hae-meille-toihin\/\",\"name\":\"Hae meille t\u00f6ihin - Korihuolto Moksi\",\"isPartOf\":{\"@id\":\"https:\/\/korihuoltomoksi.fi\/#website\"},\"datePublished\":\"2022-12-12T09:28:41+00:00\",\"dateModified\":\"2023-10-26T22:44:03+00:00\",\"description\":\"Korihuolto Moksi on aina valmiina vastaanottamaan motivoituneita ja osaavia ty\u00f6ntekij\u00f6it\u00e4. Etsimme t\u00e4ll\u00e4 hetkell\u00e4 raskaan kaluston parissa ty\u00f6skentelevi\u00e4 asentajia. Alan koulutus ja ty\u00f6kokemus n\u00e4hd\u00e4\u00e4n etuna.\",\"breadcrumb\":{\"@id\":\"https:\/\/korihuoltomoksi.fi\/index.php\/hae-meille-toihin\/#breadcrumb\"},\"inLanguage\":\"fi\",\"potentialAction\":[{\"@type\":\"ReadAction\",\"target\":[\"https:\/\/korihuoltomoksi.fi\/index.php\/hae-meille-toihin\/\"]}]},{\"@type\":\"BreadcrumbList\",\"@id\":\"https:\/\/korihuoltomoksi.fi\/index.php\/hae-meille-toihin\/#breadcrumb\",\"itemListElement\":[{\"@type\":\"ListItem\",\"position\":1,\"name\":\"Home\",\"item\":\"https:\/\/korihuoltomoksi.fi\/\"},{\"@type\":\"ListItem\",\"position\":2,\"name\":\"Hae meille t\u00f6ihin\"}]},{\"@type\":\"WebSite\",\"@id\":\"https:\/\/korihuoltomoksi.fi\/#website\",\"url\":\"https:\/\/korihuoltomoksi.fi\/\",\"name\":\"Korihuolto Moksi\",\"description\":\"\",\"publisher\":{\"@id\":\"https:\/\/korihuoltomoksi.fi\/#organization\"},\"potentialAction\":[{\"@type\":\"SearchAction\",\"target\":{\"@type\":\"EntryPoint\",\"urlTemplate\":\"https:\/\/korihuoltomoksi.fi\/?s={search_term_string}\"},\"query-input\":{\"@type\":\"PropertyValueSpecification\",\"valueRequired\":true,\"valueName\":\"search_term_string\"}}],\"inLanguage\":\"fi\"},{\"@type\":\"Organization\",\"@id\":\"https:\/\/korihuoltomoksi.fi\/#organization\",\"name\":\"Korihuolto Moksi\",\"url\":\"https:\/\/korihuoltomoksi.fi\/\",\"logo\":{\"@type\":\"ImageObject\",\"inLanguage\":\"fi\",\"@id\":\"https:\/\/korihuoltomoksi.fi\/#\/schema\/logo\/image\/\",\"url\":\"https:\/\/korihuoltomoksi.fi\/wp-content\/uploads\/2022\/12\/3449x3449.png\",\"contentUrl\":\"https:\/\/korihuoltomoksi.fi\/wp-content\/uploads\/2022\/12\/3449x3449.png\",\"width\":3449,\"height\":3449,\"caption\":\"Korihuolto Moksi\"},\"image\":{\"@id\":\"https:\/\/korihuoltomoksi.fi\/#\/schema\/logo\/image\/\"}}]}<\/script>\n<!-- \/ Yoast SEO plugin. -->","yoast_head_json":{"title":"Hae meille t\u00f6ihin - Korihuolto Moksi","description":"Korihuolto Moksi on aina valmiina vastaanottamaan motivoituneita ja osaavia ty\u00f6ntekij\u00f6it\u00e4. Etsimme t\u00e4ll\u00e4 hetkell\u00e4 raskaan kaluston parissa ty\u00f6skentelevi\u00e4 asentajia. Alan koulutus ja ty\u00f6kokemus n\u00e4hd\u00e4\u00e4n etuna.","robots":{"index":"index","follow":"follow","max-snippet":"max-snippet:-1","max-image-preview":"max-image-preview:large","max-video-preview":"max-video-preview:-1"},"canonical":"https:\/\/korihuoltomoksi.fi\/index.php\/hae-meille-toihin\/","og_locale":"fi_FI","og_type":"article","og_title":"Hae meille t\u00f6ihin - Korihuolto Moksi","og_description":"Korihuolto Moksi on aina valmiina vastaanottamaan motivoituneita ja osaavia ty\u00f6ntekij\u00f6it\u00e4. Etsimme t\u00e4ll\u00e4 hetkell\u00e4 raskaan kaluston parissa ty\u00f6skentelevi\u00e4 asentajia. Alan koulutus ja ty\u00f6kokemus n\u00e4hd\u00e4\u00e4n etuna.","og_url":"https:\/\/korihuoltomoksi.fi\/index.php\/hae-meille-toihin\/","og_site_name":"Korihuolto Moksi","article_modified_time":"2023-10-26T22:44:03+00:00","twitter_card":"summary_large_image","twitter_misc":{"Arvioitu lukuaika":"1 minuutti"},"schema":{"@context":"https:\/\/schema.org","@graph":[{"@type":"WebPage","@id":"https:\/\/korihuoltomoksi.fi\/index.php\/hae-meille-toihin\/","url":"https:\/\/korihuoltomoksi.fi\/index.php\/hae-meille-toihin\/","name":"Hae meille t\u00f6ihin - Korihuolto Moksi","isPartOf":{"@id":"https:\/\/korihuoltomoksi.fi\/#website"},"datePublished":"2022-12-12T09:28:41+00:00","dateModified":"2023-10-26T22:44:03+00:00","description":"Korihuolto Moksi on aina valmiina vastaanottamaan motivoituneita ja osaavia ty\u00f6ntekij\u00f6it\u00e4. Etsimme t\u00e4ll\u00e4 hetkell\u00e4 raskaan kaluston parissa ty\u00f6skentelevi\u00e4 asentajia. Alan koulutus ja ty\u00f6kokemus n\u00e4hd\u00e4\u00e4n etuna.","breadcrumb":{"@id":"https:\/\/korihuoltomoksi.fi\/index.php\/hae-meille-toihin\/#breadcrumb"},"inLanguage":"fi","potentialAction":[{"@type":"ReadAction","target":["https:\/\/korihuoltomoksi.fi\/index.php\/hae-meille-toihin\/"]}]},{"@type":"BreadcrumbList","@id":"https:\/\/korihuoltomoksi.fi\/index.php\/hae-meille-toihin\/#breadcrumb","itemListElement":[{"@type":"ListItem","position":1,"name":"Home","item":"https:\/\/korihuoltomoksi.fi\/"},{"@type":"ListItem","position":2,"name":"Hae meille t\u00f6ihin"}]},{"@type":"WebSite","@id":"https:\/\/korihuoltomoksi.fi\/#website","url":"https:\/\/korihuoltomoksi.fi\/","name":"Korihuolto Moksi","description":"","publisher":{"@id":"https:\/\/korihuoltomoksi.fi\/#organization"},"potentialAction":[{"@type":"SearchAction","target":{"@type":"EntryPoint","urlTemplate":"https:\/\/korihuoltomoksi.fi\/?s={search_term_string}"},"query-input":{"@type":"PropertyValueSpecification","valueRequired":true,"valueName":"search_term_string"}}],"inLanguage":"fi"},{"@type":"Organization","@id":"https:\/\/korihuoltomoksi.fi\/#organization","name":"Korihuolto Moksi","url":"https:\/\/korihuoltomoksi.fi\/","logo":{"@type":"ImageObject","inLanguage":"fi","@id":"https:\/\/korihuoltomoksi.fi\/#\/schema\/logo\/image\/","url":"https:\/\/korihuoltomoksi.fi\/wp-content\/uploads\/2022\/12\/3449x3449.png","contentUrl":"https:\/\/korihuoltomoksi.fi\/wp-content\/uploads\/2022\/12\/3449x3449.png","width":3449,"height":3449,"caption":"Korihuolto Moksi"},"image":{"@id":"https:\/\/korihuoltomoksi.fi\/#\/schema\/logo\/image\/"}}]}},"jetpack_sharing_enabled":true,"_links":{"self":[{"href":"https:\/\/korihuoltomoksi.fi\/index.php\/wp-json\/wp\/v2\/pages\/254","targetHints":{"allow":["GET"]}}],"collection":[{"href":"https:\/\/korihuoltomoksi.fi\/index.php\/wp-json\/wp\/v2\/pages"}],"about":[{"href":"https:\/\/korihuoltomoksi.fi\/index.php\/wp-json\/wp\/v2\/types\/page"}],"author":[{"embeddable":true,"href":"https:\/\/korihuoltomoksi.fi\/index.php\/wp-json\/wp\/v2\/users\/3"}],"replies":[{"embeddable":true,"href":"https:\/\/korihuoltomoksi.fi\/index.php\/wp-json\/wp\/v2\/comments?post=254"}],"version-history":[{"count":23,"href":"https:\/\/korihuoltomoksi.fi\/index.php\/wp-json\/wp\/v2\/pages\/254\/revisions"}],"predecessor-version":[{"id":2254,"href":"https:\/\/korihuoltomoksi.fi\/index.php\/wp-json\/wp\/v2\/pages\/254\/revisions\/2254"}],"wp:attachment":[{"href":"https:\/\/korihuoltomoksi.fi\/index.php\/wp-json\/wp\/v2\/media?parent=254"}],"curies":[{"name":"wp","href":"https:\/\/api.w.org\/{rel}","templated":true}]}}