{"id":294,"date":"2022-12-12T11:59:30","date_gmt":"2022-12-12T11:59:30","guid":{"rendered":"http:\/\/94.237.113.65\/~korihuol\/blog\/?page_id=294"},"modified":"2022-12-22T14:30:35","modified_gmt":"2022-12-22T14:30:35","slug":"takavalot","status":"publish","type":"page","link":"https:\/\/korihuoltomoksi.fi\/index.php\/takavalot\/","title":{"rendered":"Takavalot"},"content":{"rendered":"\t\t<div data-elementor-type=\"wp-page\" data-elementor-id=\"294\" class=\"elementor elementor-294\" data-elementor-post-type=\"page\">\n\t\t\t\t\t\t<section class=\"elementor-section elementor-top-section elementor-element elementor-element-7cf265b elementor-section-boxed elementor-section-height-default elementor-section-height-default elementor-invisible\" data-id=\"7cf265b\" data-element_type=\"section\" data-settings=\"{&quot;animation&quot;:&quot;fadeIn&quot;}\">\n\t\t\t\t\t\t<div class=\"elementor-container elementor-column-gap-default\">\n\t\t\t\t\t<div class=\"elementor-column elementor-col-50 elementor-top-column elementor-element elementor-element-098bf7f\" data-id=\"098bf7f\" data-element_type=\"column\">\n\t\t\t<div class=\"elementor-widget-wrap elementor-element-populated\">\n\t\t\t\t\t\t<div class=\"elementor-element elementor-element-7660300 elementor-nav-menu__align-start elementor-nav-menu--dropdown-none elementor-hidden-mobile elementor-widget elementor-widget-nav-menu\" data-id=\"7660300\" data-element_type=\"widget\" data-settings=\"{&quot;layout&quot;:&quot;vertical&quot;,&quot;submenu_icon&quot;:{&quot;value&quot;:&quot;&lt;i class=\\&quot;fas fa-caret-down\\&quot;&gt;&lt;\\\/i&gt;&quot;,&quot;library&quot;:&quot;fa-solid&quot;}}\" data-widget_type=\"nav-menu.default\">\n\t\t\t\t<div class=\"elementor-widget-container\">\n\t\t\t\t\t\t\t\t<nav aria-label=\"Menu\" class=\"elementor-nav-menu--main elementor-nav-menu__container elementor-nav-menu--layout-vertical e--pointer-none\">\n\t\t\t\t<ul id=\"menu-1-7660300\" class=\"elementor-nav-menu sm-vertical\"><li class=\"menu-item menu-item-type-post_type menu-item-object-page menu-item-600\"><a href=\"https:\/\/korihuoltomoksi.fi\/index.php\/brigade-peruutuskamerat\/\" class=\"elementor-item\">Brigade peruutuskamerat<\/a><\/li>\n<li class=\"menu-item menu-item-type-post_type menu-item-object-page menu-item-601\"><a href=\"https:\/\/korihuoltomoksi.fi\/index.php\/konttirunko\/\" class=\"elementor-item\">Konttirunko<\/a><\/li>\n<li class=\"menu-item menu-item-type-post_type menu-item-object-page menu-item-602\"><a href=\"https:\/\/korihuoltomoksi.fi\/index.php\/korihuollon-omat-tuotteet\/\" class=\"elementor-item\">Korihuollon omat tuotteet<\/a><\/li>\n<li class=\"menu-item menu-item-type-post_type menu-item-object-page menu-item-603\"><a href=\"https:\/\/korihuoltomoksi.fi\/index.php\/movalube\/\" class=\"elementor-item\">Movalube<\/a><\/li>\n<li class=\"menu-item menu-item-type-post_type menu-item-object-page menu-item-604\"><a href=\"https:\/\/korihuoltomoksi.fi\/index.php\/takavalot\/\" class=\"elementor-item\">Takavalot<\/a><\/li>\n<li class=\"menu-item menu-item-type-post_type menu-item-object-page menu-item-605\"><a href=\"https:\/\/korihuoltomoksi.fi\/index.php\/zepro-varaosat\/\" class=\"elementor-item\">ZEPRO varaosat<\/a><\/li>\n<\/ul>\t\t\t<\/nav>\n\t\t\t\t\t\t<nav class=\"elementor-nav-menu--dropdown elementor-nav-menu__container\" aria-hidden=\"true\">\n\t\t\t\t<ul id=\"menu-2-7660300\" class=\"elementor-nav-menu sm-vertical\"><li class=\"menu-item menu-item-type-post_type menu-item-object-page menu-item-600\"><a href=\"https:\/\/korihuoltomoksi.fi\/index.php\/brigade-peruutuskamerat\/\" class=\"elementor-item\" tabindex=\"-1\">Brigade peruutuskamerat<\/a><\/li>\n<li class=\"menu-item menu-item-type-post_type menu-item-object-page menu-item-601\"><a href=\"https:\/\/korihuoltomoksi.fi\/index.php\/konttirunko\/\" class=\"elementor-item\" tabindex=\"-1\">Konttirunko<\/a><\/li>\n<li class=\"menu-item menu-item-type-post_type menu-item-object-page menu-item-602\"><a href=\"https:\/\/korihuoltomoksi.fi\/index.php\/korihuollon-omat-tuotteet\/\" class=\"elementor-item\" tabindex=\"-1\">Korihuollon omat tuotteet<\/a><\/li>\n<li class=\"menu-item menu-item-type-post_type menu-item-object-page menu-item-603\"><a href=\"https:\/\/korihuoltomoksi.fi\/index.php\/movalube\/\" class=\"elementor-item\" tabindex=\"-1\">Movalube<\/a><\/li>\n<li class=\"menu-item menu-item-type-post_type menu-item-object-page menu-item-604\"><a href=\"https:\/\/korihuoltomoksi.fi\/index.php\/takavalot\/\" class=\"elementor-item\" tabindex=\"-1\">Takavalot<\/a><\/li>\n<li class=\"menu-item menu-item-type-post_type menu-item-object-page menu-item-605\"><a href=\"https:\/\/korihuoltomoksi.fi\/index.php\/zepro-varaosat\/\" class=\"elementor-item\" tabindex=\"-1\">ZEPRO varaosat<\/a><\/li>\n<\/ul>\t\t\t<\/nav>\n\t\t\t\t\t\t<\/div>\n\t\t\t\t<\/div>\n\t\t\t\t\t<\/div>\n\t\t<\/div>\n\t\t\t\t<div class=\"elementor-column elementor-col-50 elementor-top-column elementor-element elementor-element-94f49fd\" data-id=\"94f49fd\" data-element_type=\"column\">\n\t\t\t<div class=\"elementor-widget-wrap elementor-element-populated\">\n\t\t\t\t\t\t<section class=\"elementor-section elementor-inner-section elementor-element elementor-element-30129da elementor-section-boxed elementor-section-height-default elementor-section-height-default\" data-id=\"30129da\" data-element_type=\"section\">\n\t\t\t\t\t\t<div class=\"elementor-container elementor-column-gap-default\">\n\t\t\t\t\t<div class=\"elementor-column elementor-col-100 elementor-inner-column elementor-element elementor-element-93cb646\" data-id=\"93cb646\" data-element_type=\"column\">\n\t\t\t<div class=\"elementor-widget-wrap elementor-element-populated\">\n\t\t\t\t\t\t<div class=\"elementor-element elementor-element-cd73f6d elementor-widget elementor-widget-heading\" data-id=\"cd73f6d\" data-element_type=\"widget\" data-widget_type=\"heading.default\">\n\t\t\t\t<div class=\"elementor-widget-container\">\n\t\t\t\t\t<h3 class=\"elementor-heading-title elementor-size-default\">TAKAVALOT<\/h3>\t\t\t\t<\/div>\n\t\t\t\t<\/div>\n\t\t\t\t<div class=\"elementor-element elementor-element-1c2fe3c elementor-widget elementor-widget-text-editor\" data-id=\"1c2fe3c\" data-element_type=\"widget\" data-widget_type=\"text-editor.default\">\n\t\t\t\t<div class=\"elementor-widget-container\">\n\t\t\t\t\t\t\t\t\t<p>Meilt\u00e4 yleisimm\u00e4t takavalot suoraan hyllyst\u00e4 mukaan, tai vaihtoehtoisesti nopeat asennukset\/korjaukset.<\/p><p>\u00a0<\/p><p><b>Huomio takavalojen ostossa:<\/b><\/p><p>-Liit\u00e4nt\u00e4<\/p><p>-Puolisuus<\/p><p>-Linssin v\u00e4ri<\/p><p>-Mahdolliset rekisterikilven valot<\/p>\t\t\t\t\t\t\t\t<\/div>\n\t\t\t\t<\/div>\n\t\t\t\t\t<\/div>\n\t\t<\/div>\n\t\t\t\t\t<\/div>\n\t\t<\/section>\n\t\t\t\t\t<\/div>\n\t\t<\/div>\n\t\t\t\t\t<\/div>\n\t\t<\/section>\n\t\t\t\t<\/div>\n\t\t","protected":false},"excerpt":{"rendered":"<p>TAKAVALOT Meilt\u00e4 yleisimm\u00e4t takavalot suoraan hyllyst\u00e4 mukaan, tai vaihtoehtoisesti nopeat asennukset\/korjaukset. \u00a0 Huomio takavalojen ostossa: -Liit\u00e4nt\u00e4 -Puolisuus -Linssin v\u00e4ri -Mahdolliset rekisterikilven valot<\/p>\n","protected":false},"author":3,"featured_media":0,"parent":0,"menu_order":0,"comment_status":"closed","ping_status":"closed","template":"elementor_header_footer","meta":{"_monsterinsights_skip_tracking":false,"_monsterinsights_sitenote_active":false,"_monsterinsights_sitenote_note":"","_monsterinsights_sitenote_category":0,"footnotes":""},"class_list":["post-294","page","type-page","status-publish","hentry"],"yoast_head":"<!-- This site is optimized with the Yoast SEO plugin v25.0 - https:\/\/yoast.com\/wordpress\/plugins\/seo\/ -->\n<title>Takavalot - Korihuolto Moksi<\/title>\n<meta name=\"description\" content=\"Meilt\u00e4 yleisimm\u00e4t takavalot suoraan hyllyst\u00e4 mukaan, tai vaihtoehtoisesti nopeat asennukset\/korjaukset.Huomio takavalojen ostossa:-Liit\u00e4nt\u00e4-Puolisuus-Linssin v\u00e4ri-Mahdolliset rekisterikilven valot\" \/>\n<meta name=\"robots\" content=\"index, follow, max-snippet:-1, max-image-preview:large, max-video-preview:-1\" \/>\n<link rel=\"canonical\" href=\"https:\/\/korihuoltomoksi.fi\/index.php\/takavalot\/\" \/>\n<meta property=\"og:locale\" content=\"fi_FI\" \/>\n<meta property=\"og:type\" content=\"article\" \/>\n<meta property=\"og:title\" content=\"Takavalot - Korihuolto Moksi\" \/>\n<meta property=\"og:description\" content=\"Meilt\u00e4 yleisimm\u00e4t takavalot suoraan hyllyst\u00e4 mukaan, tai vaihtoehtoisesti nopeat asennukset\/korjaukset.Huomio takavalojen ostossa:-Liit\u00e4nt\u00e4-Puolisuus-Linssin v\u00e4ri-Mahdolliset rekisterikilven valot\" \/>\n<meta property=\"og:url\" content=\"https:\/\/korihuoltomoksi.fi\/index.php\/takavalot\/\" \/>\n<meta property=\"og:site_name\" content=\"Korihuolto Moksi\" \/>\n<meta property=\"article:modified_time\" content=\"2022-12-22T14:30:35+00:00\" \/>\n<meta name=\"twitter:card\" content=\"summary_large_image\" \/>\n<meta name=\"twitter:label1\" content=\"Arvioitu lukuaika\" \/>\n\t<meta name=\"twitter:data1\" content=\"1 minuutti\" \/>\n<script type=\"application\/ld+json\" class=\"yoast-schema-graph\">{\"@context\":\"https:\/\/schema.org\",\"@graph\":[{\"@type\":\"WebPage\",\"@id\":\"https:\/\/korihuoltomoksi.fi\/index.php\/takavalot\/\",\"url\":\"https:\/\/korihuoltomoksi.fi\/index.php\/takavalot\/\",\"name\":\"Takavalot - Korihuolto Moksi\",\"isPartOf\":{\"@id\":\"https:\/\/korihuoltomoksi.fi\/#website\"},\"datePublished\":\"2022-12-12T11:59:30+00:00\",\"dateModified\":\"2022-12-22T14:30:35+00:00\",\"description\":\"Meilt\u00e4 yleisimm\u00e4t takavalot suoraan hyllyst\u00e4 mukaan, tai vaihtoehtoisesti nopeat asennukset\/korjaukset.Huomio takavalojen ostossa:-Liit\u00e4nt\u00e4-Puolisuus-Linssin v\u00e4ri-Mahdolliset rekisterikilven valot\",\"breadcrumb\":{\"@id\":\"https:\/\/korihuoltomoksi.fi\/index.php\/takavalot\/#breadcrumb\"},\"inLanguage\":\"fi\",\"potentialAction\":[{\"@type\":\"ReadAction\",\"target\":[\"https:\/\/korihuoltomoksi.fi\/index.php\/takavalot\/\"]}]},{\"@type\":\"BreadcrumbList\",\"@id\":\"https:\/\/korihuoltomoksi.fi\/index.php\/takavalot\/#breadcrumb\",\"itemListElement\":[{\"@type\":\"ListItem\",\"position\":1,\"name\":\"Home\",\"item\":\"https:\/\/korihuoltomoksi.fi\/\"},{\"@type\":\"ListItem\",\"position\":2,\"name\":\"Takavalot\"}]},{\"@type\":\"WebSite\",\"@id\":\"https:\/\/korihuoltomoksi.fi\/#website\",\"url\":\"https:\/\/korihuoltomoksi.fi\/\",\"name\":\"Korihuolto Moksi\",\"description\":\"\",\"publisher\":{\"@id\":\"https:\/\/korihuoltomoksi.fi\/#organization\"},\"potentialAction\":[{\"@type\":\"SearchAction\",\"target\":{\"@type\":\"EntryPoint\",\"urlTemplate\":\"https:\/\/korihuoltomoksi.fi\/?s={search_term_string}\"},\"query-input\":{\"@type\":\"PropertyValueSpecification\",\"valueRequired\":true,\"valueName\":\"search_term_string\"}}],\"inLanguage\":\"fi\"},{\"@type\":\"Organization\",\"@id\":\"https:\/\/korihuoltomoksi.fi\/#organization\",\"name\":\"Korihuolto Moksi\",\"url\":\"https:\/\/korihuoltomoksi.fi\/\",\"logo\":{\"@type\":\"ImageObject\",\"inLanguage\":\"fi\",\"@id\":\"https:\/\/korihuoltomoksi.fi\/#\/schema\/logo\/image\/\",\"url\":\"https:\/\/korihuoltomoksi.fi\/wp-content\/uploads\/2022\/12\/3449x3449.png\",\"contentUrl\":\"https:\/\/korihuoltomoksi.fi\/wp-content\/uploads\/2022\/12\/3449x3449.png\",\"width\":3449,\"height\":3449,\"caption\":\"Korihuolto Moksi\"},\"image\":{\"@id\":\"https:\/\/korihuoltomoksi.fi\/#\/schema\/logo\/image\/\"}}]}<\/script>\n<!-- \/ Yoast SEO plugin. -->","yoast_head_json":{"title":"Takavalot - Korihuolto Moksi","description":"Meilt\u00e4 yleisimm\u00e4t takavalot suoraan hyllyst\u00e4 mukaan, tai vaihtoehtoisesti nopeat asennukset\/korjaukset.Huomio takavalojen ostossa:-Liit\u00e4nt\u00e4-Puolisuus-Linssin v\u00e4ri-Mahdolliset rekisterikilven valot","robots":{"index":"index","follow":"follow","max-snippet":"max-snippet:-1","max-image-preview":"max-image-preview:large","max-video-preview":"max-video-preview:-1"},"canonical":"https:\/\/korihuoltomoksi.fi\/index.php\/takavalot\/","og_locale":"fi_FI","og_type":"article","og_title":"Takavalot - Korihuolto Moksi","og_description":"Meilt\u00e4 yleisimm\u00e4t takavalot suoraan hyllyst\u00e4 mukaan, tai vaihtoehtoisesti nopeat asennukset\/korjaukset.Huomio takavalojen ostossa:-Liit\u00e4nt\u00e4-Puolisuus-Linssin v\u00e4ri-Mahdolliset rekisterikilven valot","og_url":"https:\/\/korihuoltomoksi.fi\/index.php\/takavalot\/","og_site_name":"Korihuolto Moksi","article_modified_time":"2022-12-22T14:30:35+00:00","twitter_card":"summary_large_image","twitter_misc":{"Arvioitu lukuaika":"1 minuutti"},"schema":{"@context":"https:\/\/schema.org","@graph":[{"@type":"WebPage","@id":"https:\/\/korihuoltomoksi.fi\/index.php\/takavalot\/","url":"https:\/\/korihuoltomoksi.fi\/index.php\/takavalot\/","name":"Takavalot - Korihuolto Moksi","isPartOf":{"@id":"https:\/\/korihuoltomoksi.fi\/#website"},"datePublished":"2022-12-12T11:59:30+00:00","dateModified":"2022-12-22T14:30:35+00:00","description":"Meilt\u00e4 yleisimm\u00e4t takavalot suoraan hyllyst\u00e4 mukaan, tai vaihtoehtoisesti nopeat asennukset\/korjaukset.Huomio takavalojen ostossa:-Liit\u00e4nt\u00e4-Puolisuus-Linssin v\u00e4ri-Mahdolliset rekisterikilven valot","breadcrumb":{"@id":"https:\/\/korihuoltomoksi.fi\/index.php\/takavalot\/#breadcrumb"},"inLanguage":"fi","potentialAction":[{"@type":"ReadAction","target":["https:\/\/korihuoltomoksi.fi\/index.php\/takavalot\/"]}]},{"@type":"BreadcrumbList","@id":"https:\/\/korihuoltomoksi.fi\/index.php\/takavalot\/#breadcrumb","itemListElement":[{"@type":"ListItem","position":1,"name":"Home","item":"https:\/\/korihuoltomoksi.fi\/"},{"@type":"ListItem","position":2,"name":"Takavalot"}]},{"@type":"WebSite","@id":"https:\/\/korihuoltomoksi.fi\/#website","url":"https:\/\/korihuoltomoksi.fi\/","name":"Korihuolto Moksi","description":"","publisher":{"@id":"https:\/\/korihuoltomoksi.fi\/#organization"},"potentialAction":[{"@type":"SearchAction","target":{"@type":"EntryPoint","urlTemplate":"https:\/\/korihuoltomoksi.fi\/?s={search_term_string}"},"query-input":{"@type":"PropertyValueSpecification","valueRequired":true,"valueName":"search_term_string"}}],"inLanguage":"fi"},{"@type":"Organization","@id":"https:\/\/korihuoltomoksi.fi\/#organization","name":"Korihuolto Moksi","url":"https:\/\/korihuoltomoksi.fi\/","logo":{"@type":"ImageObject","inLanguage":"fi","@id":"https:\/\/korihuoltomoksi.fi\/#\/schema\/logo\/image\/","url":"https:\/\/korihuoltomoksi.fi\/wp-content\/uploads\/2022\/12\/3449x3449.png","contentUrl":"https:\/\/korihuoltomoksi.fi\/wp-content\/uploads\/2022\/12\/3449x3449.png","width":3449,"height":3449,"caption":"Korihuolto Moksi"},"image":{"@id":"https:\/\/korihuoltomoksi.fi\/#\/schema\/logo\/image\/"}}]}},"jetpack_sharing_enabled":true,"_links":{"self":[{"href":"https:\/\/korihuoltomoksi.fi\/index.php\/wp-json\/wp\/v2\/pages\/294","targetHints":{"allow":["GET"]}}],"collection":[{"href":"https:\/\/korihuoltomoksi.fi\/index.php\/wp-json\/wp\/v2\/pages"}],"about":[{"href":"https:\/\/korihuoltomoksi.fi\/index.php\/wp-json\/wp\/v2\/types\/page"}],"author":[{"embeddable":true,"href":"https:\/\/korihuoltomoksi.fi\/index.php\/wp-json\/wp\/v2\/users\/3"}],"replies":[{"embeddable":true,"href":"https:\/\/korihuoltomoksi.fi\/index.php\/wp-json\/wp\/v2\/comments?post=294"}],"version-history":[{"count":23,"href":"https:\/\/korihuoltomoksi.fi\/index.php\/wp-json\/wp\/v2\/pages\/294\/revisions"}],"predecessor-version":[{"id":2072,"href":"https:\/\/korihuoltomoksi.fi\/index.php\/wp-json\/wp\/v2\/pages\/294\/revisions\/2072"}],"wp:attachment":[{"href":"https:\/\/korihuoltomoksi.fi\/index.php\/wp-json\/wp\/v2\/media?parent=294"}],"curies":[{"name":"wp","href":"https:\/\/api.w.org\/{rel}","templated":true}]}}