{"id":296,"date":"2022-12-12T11:59:59","date_gmt":"2022-12-12T11:59:59","guid":{"rendered":"http:\/\/94.237.113.65\/~korihuol\/blog\/?page_id=296"},"modified":"2022-12-22T14:28:08","modified_gmt":"2022-12-22T14:28:08","slug":"korihuollon-omat-tuotteet","status":"publish","type":"page","link":"https:\/\/korihuoltomoksi.fi\/index.php\/korihuollon-omat-tuotteet\/","title":{"rendered":"Korihuollon omat tuotteet"},"content":{"rendered":"\t\t<div data-elementor-type=\"wp-page\" data-elementor-id=\"296\" class=\"elementor elementor-296\" data-elementor-post-type=\"page\">\n\t\t\t\t\t\t<section class=\"elementor-section elementor-top-section elementor-element elementor-element-6d34713 elementor-section-boxed elementor-section-height-default elementor-section-height-default elementor-invisible\" data-id=\"6d34713\" data-element_type=\"section\" data-settings=\"{&quot;animation&quot;:&quot;fadeIn&quot;}\">\n\t\t\t\t\t\t<div class=\"elementor-container elementor-column-gap-default\">\n\t\t\t\t\t<div class=\"elementor-column elementor-col-50 elementor-top-column elementor-element elementor-element-7f6a83a\" data-id=\"7f6a83a\" data-element_type=\"column\">\n\t\t\t<div class=\"elementor-widget-wrap elementor-element-populated\">\n\t\t\t\t\t\t<div class=\"elementor-element elementor-element-fea91dd elementor-nav-menu__align-start elementor-nav-menu--dropdown-none elementor-hidden-mobile elementor-widget elementor-widget-nav-menu\" data-id=\"fea91dd\" data-element_type=\"widget\" data-settings=\"{&quot;layout&quot;:&quot;vertical&quot;,&quot;submenu_icon&quot;:{&quot;value&quot;:&quot;&lt;i class=\\&quot;fas fa-caret-down\\&quot;&gt;&lt;\\\/i&gt;&quot;,&quot;library&quot;:&quot;fa-solid&quot;}}\" data-widget_type=\"nav-menu.default\">\n\t\t\t\t<div class=\"elementor-widget-container\">\n\t\t\t\t\t\t\t\t<nav aria-label=\"Menu\" class=\"elementor-nav-menu--main elementor-nav-menu__container elementor-nav-menu--layout-vertical e--pointer-none\">\n\t\t\t\t<ul id=\"menu-1-fea91dd\" class=\"elementor-nav-menu sm-vertical\"><li class=\"menu-item menu-item-type-post_type menu-item-object-page menu-item-600\"><a href=\"https:\/\/korihuoltomoksi.fi\/index.php\/brigade-peruutuskamerat\/\" class=\"elementor-item\">Brigade peruutuskamerat<\/a><\/li>\n<li class=\"menu-item menu-item-type-post_type menu-item-object-page menu-item-601\"><a href=\"https:\/\/korihuoltomoksi.fi\/index.php\/konttirunko\/\" class=\"elementor-item\">Konttirunko<\/a><\/li>\n<li class=\"menu-item menu-item-type-post_type menu-item-object-page menu-item-602\"><a href=\"https:\/\/korihuoltomoksi.fi\/index.php\/korihuollon-omat-tuotteet\/\" class=\"elementor-item\">Korihuollon omat tuotteet<\/a><\/li>\n<li class=\"menu-item menu-item-type-post_type menu-item-object-page menu-item-603\"><a href=\"https:\/\/korihuoltomoksi.fi\/index.php\/movalube\/\" class=\"elementor-item\">Movalube<\/a><\/li>\n<li class=\"menu-item menu-item-type-post_type menu-item-object-page menu-item-604\"><a href=\"https:\/\/korihuoltomoksi.fi\/index.php\/takavalot\/\" class=\"elementor-item\">Takavalot<\/a><\/li>\n<li class=\"menu-item menu-item-type-post_type menu-item-object-page menu-item-605\"><a href=\"https:\/\/korihuoltomoksi.fi\/index.php\/zepro-varaosat\/\" class=\"elementor-item\">ZEPRO varaosat<\/a><\/li>\n<\/ul>\t\t\t<\/nav>\n\t\t\t\t\t\t<nav class=\"elementor-nav-menu--dropdown elementor-nav-menu__container\" aria-hidden=\"true\">\n\t\t\t\t<ul id=\"menu-2-fea91dd\" class=\"elementor-nav-menu sm-vertical\"><li class=\"menu-item menu-item-type-post_type menu-item-object-page menu-item-600\"><a href=\"https:\/\/korihuoltomoksi.fi\/index.php\/brigade-peruutuskamerat\/\" class=\"elementor-item\" tabindex=\"-1\">Brigade peruutuskamerat<\/a><\/li>\n<li class=\"menu-item menu-item-type-post_type menu-item-object-page menu-item-601\"><a href=\"https:\/\/korihuoltomoksi.fi\/index.php\/konttirunko\/\" class=\"elementor-item\" tabindex=\"-1\">Konttirunko<\/a><\/li>\n<li class=\"menu-item menu-item-type-post_type menu-item-object-page menu-item-602\"><a href=\"https:\/\/korihuoltomoksi.fi\/index.php\/korihuollon-omat-tuotteet\/\" class=\"elementor-item\" tabindex=\"-1\">Korihuollon omat tuotteet<\/a><\/li>\n<li class=\"menu-item menu-item-type-post_type menu-item-object-page menu-item-603\"><a href=\"https:\/\/korihuoltomoksi.fi\/index.php\/movalube\/\" class=\"elementor-item\" tabindex=\"-1\">Movalube<\/a><\/li>\n<li class=\"menu-item menu-item-type-post_type menu-item-object-page menu-item-604\"><a href=\"https:\/\/korihuoltomoksi.fi\/index.php\/takavalot\/\" class=\"elementor-item\" tabindex=\"-1\">Takavalot<\/a><\/li>\n<li class=\"menu-item menu-item-type-post_type menu-item-object-page menu-item-605\"><a href=\"https:\/\/korihuoltomoksi.fi\/index.php\/zepro-varaosat\/\" class=\"elementor-item\" tabindex=\"-1\">ZEPRO varaosat<\/a><\/li>\n<\/ul>\t\t\t<\/nav>\n\t\t\t\t\t\t<\/div>\n\t\t\t\t<\/div>\n\t\t\t\t\t<\/div>\n\t\t<\/div>\n\t\t\t\t<div class=\"elementor-column elementor-col-50 elementor-top-column elementor-element elementor-element-7b4e99f\" data-id=\"7b4e99f\" data-element_type=\"column\">\n\t\t\t<div class=\"elementor-widget-wrap elementor-element-populated\">\n\t\t\t\t\t\t<section class=\"elementor-section elementor-inner-section elementor-element elementor-element-d76b84a elementor-section-boxed elementor-section-height-default elementor-section-height-default\" data-id=\"d76b84a\" data-element_type=\"section\">\n\t\t\t\t\t\t<div class=\"elementor-container elementor-column-gap-default\">\n\t\t\t\t\t<div class=\"elementor-column elementor-col-100 elementor-inner-column elementor-element elementor-element-2906e30\" data-id=\"2906e30\" data-element_type=\"column\">\n\t\t\t<div class=\"elementor-widget-wrap elementor-element-populated\">\n\t\t\t\t\t\t<div class=\"elementor-element elementor-element-f9b74a0 elementor-widget elementor-widget-heading\" data-id=\"f9b74a0\" data-element_type=\"widget\" data-widget_type=\"heading.default\">\n\t\t\t\t<div class=\"elementor-widget-container\">\n\t\t\t\t\t<h3 class=\"elementor-heading-title elementor-size-default\">Korihuollon omat tuotteet<\/h3>\t\t\t\t<\/div>\n\t\t\t\t<\/div>\n\t\t\t\t<div class=\"elementor-element elementor-element-dea94a1 elementor-widget elementor-widget-heading\" data-id=\"dea94a1\" data-element_type=\"widget\" data-widget_type=\"heading.default\">\n\t\t\t\t<div class=\"elementor-widget-container\">\n\t\t\t\t\t<h3 class=\"elementor-heading-title elementor-size-default\">Kauko ohjaimet vy\u00f6pidike RST<\/h3>\t\t\t\t<\/div>\n\t\t\t\t<\/div>\n\t\t\t\t<div class=\"elementor-element elementor-element-8b7d052 elementor-widget elementor-widget-image\" data-id=\"8b7d052\" data-element_type=\"widget\" data-widget_type=\"image.default\">\n\t\t\t\t<div class=\"elementor-widget-container\">\n\t\t\t\t\t\t\t\t\t\t\t\t\t\t\t<img decoding=\"async\" src=\"https:\/\/korihuoltomoksi.fi\/wp-content\/uploads\/elementor\/thumbs\/M123020B-Vyopidike-RST-scaled-pzg774y6enip6ekpd29qo4c84q7jkmccbplfh5swck.jpg\" title=\"M123020B-Vyo\u0308pidike-RST\" alt=\"M123020B-Vyo\u0308pidike-RST\" loading=\"lazy\" \/>\t\t\t\t\t\t\t\t\t\t\t\t\t\t\t<\/div>\n\t\t\t\t<\/div>\n\t\t\t\t<div class=\"elementor-element elementor-element-f189f01 elementor-widget elementor-widget-spacer\" data-id=\"f189f01\" data-element_type=\"widget\" data-widget_type=\"spacer.default\">\n\t\t\t\t<div class=\"elementor-widget-container\">\n\t\t\t\t\t\t\t<div class=\"elementor-spacer\">\n\t\t\t<div class=\"elementor-spacer-inner\"><\/div>\n\t\t<\/div>\n\t\t\t\t\t\t<\/div>\n\t\t\t\t<\/div>\n\t\t\t\t\t<\/div>\n\t\t<\/div>\n\t\t\t\t\t<\/div>\n\t\t<\/section>\n\t\t\t\t<div class=\"elementor-element elementor-element-cb31cfa elementor-widget elementor-widget-text-editor\" data-id=\"cb31cfa\" data-element_type=\"widget\" data-widget_type=\"text-editor.default\">\n\t\t\t\t<div class=\"elementor-widget-container\">\n\t\t\t\t\t\t\t\t\t<p>Rosterinen vy\u00f6pidike, joka ei varmasti pet\u00e4. Hinta on murto-osan, siit\u00e4 mit\u00e4 maksaa uusi kaukos\u00e4\u00e4din. Jos vaikka kaikessa kiireess\u00e4 kuljettajalla katkeaa muovinen vy\u00f6pidike, ja ohjain tippuu matkanvarrelle.<\/p><p><b>HINTA: 18,25\u20ac ALV0%<\/b><\/p>\t\t\t\t\t\t\t\t<\/div>\n\t\t\t\t<\/div>\n\t\t\t\t<div class=\"elementor-element elementor-element-681d81b elementor-widget elementor-widget-heading\" data-id=\"681d81b\" data-element_type=\"widget\" data-widget_type=\"heading.default\">\n\t\t\t\t<div class=\"elementor-widget-container\">\n\t\t\t\t\t<h3 class=\"elementor-heading-title elementor-size-default\">Korihuolto moksi - viiri<\/h3>\t\t\t\t<\/div>\n\t\t\t\t<\/div>\n\t\t\t\t<div class=\"elementor-element elementor-element-bcc4977 elementor-widget elementor-widget-image\" data-id=\"bcc4977\" data-element_type=\"widget\" data-widget_type=\"image.default\">\n\t\t\t\t<div class=\"elementor-widget-container\">\n\t\t\t\t\t\t\t\t\t\t\t\t\t\t\t<img decoding=\"async\" src=\"https:\/\/korihuoltomoksi.fi\/wp-content\/uploads\/elementor\/thumbs\/korihuoltomoksi-Lippu-scaled-pzg7dpti8wiyg50mxwnq4gkdtts1gcgp89zsew1osk.jpg\" title=\"korihuoltomoksi-Lippu\" alt=\"korihuoltomoksi-Lippu\" loading=\"lazy\" \/>\t\t\t\t\t\t\t\t\t\t\t\t\t\t\t<\/div>\n\t\t\t\t<\/div>\n\t\t\t\t\t<\/div>\n\t\t<\/div>\n\t\t\t\t\t<\/div>\n\t\t<\/section>\n\t\t\t\t<\/div>\n\t\t","protected":false},"excerpt":{"rendered":"<p>Korihuollon omat tuotteet Kauko ohjaimet vy\u00f6pidike RST Rosterinen vy\u00f6pidike, joka ei varmasti pet\u00e4. Hinta on murto-osan, siit\u00e4 mit\u00e4 maksaa uusi kaukos\u00e4\u00e4din. Jos vaikka kaikessa kiireess\u00e4 kuljettajalla katkeaa muovinen vy\u00f6pidike, ja ohjain tippuu matkanvarrelle. HINTA: 18,25\u20ac ALV0% Korihuolto moksi &#8211; viiri<\/p>\n","protected":false},"author":3,"featured_media":0,"parent":0,"menu_order":0,"comment_status":"closed","ping_status":"closed","template":"elementor_header_footer","meta":{"_monsterinsights_skip_tracking":false,"_monsterinsights_sitenote_active":false,"_monsterinsights_sitenote_note":"","_monsterinsights_sitenote_category":0,"footnotes":""},"class_list":["post-296","page","type-page","status-publish","hentry"],"yoast_head":"<!-- This site is optimized with the Yoast SEO plugin v25.0 - https:\/\/yoast.com\/wordpress\/plugins\/seo\/ -->\n<title>Korihuollon omat tuotteet - Korihuolto Moksi<\/title>\n<meta name=\"description\" content=\"Rosterinen vy\u00f6pidike, joka ei varmasti pet\u00e4. Hinta on murto-osan, siit\u00e4 mit\u00e4 maksaa uusi kaukos\u00e4\u00e4din. Jos vaikka kaikessa kiireess\u00e4 kuljettajalla katkeaa muovinen vy\u00f6pidike, ja ohjain tippuu matkanvarrelle.\" \/>\n<meta name=\"robots\" content=\"index, follow, max-snippet:-1, max-image-preview:large, max-video-preview:-1\" \/>\n<link rel=\"canonical\" href=\"https:\/\/korihuoltomoksi.fi\/index.php\/korihuollon-omat-tuotteet\/\" \/>\n<meta property=\"og:locale\" content=\"fi_FI\" \/>\n<meta property=\"og:type\" content=\"article\" \/>\n<meta property=\"og:title\" content=\"Korihuollon omat tuotteet - Korihuolto Moksi\" \/>\n<meta property=\"og:description\" content=\"Rosterinen vy\u00f6pidike, joka ei varmasti pet\u00e4. Hinta on murto-osan, siit\u00e4 mit\u00e4 maksaa uusi kaukos\u00e4\u00e4din. Jos vaikka kaikessa kiireess\u00e4 kuljettajalla katkeaa muovinen vy\u00f6pidike, ja ohjain tippuu matkanvarrelle.\" \/>\n<meta property=\"og:url\" content=\"https:\/\/korihuoltomoksi.fi\/index.php\/korihuollon-omat-tuotteet\/\" \/>\n<meta property=\"og:site_name\" content=\"Korihuolto Moksi\" \/>\n<meta property=\"article:modified_time\" content=\"2022-12-22T14:28:08+00:00\" \/>\n<meta property=\"og:image\" content=\"http:\/\/94.237.113.65\/~korihuol\/blog\/wp-content\/uploads\/elementor\/thumbs\/M123020B-Vyopidike-RST-scaled-pzg774y6enip6ekpd29qo4c84q7jkmccbplfh5swck.jpg\" \/>\n<meta name=\"twitter:card\" content=\"summary_large_image\" \/>\n<meta name=\"twitter:label1\" content=\"Arvioitu lukuaika\" \/>\n\t<meta name=\"twitter:data1\" content=\"1 minuutti\" \/>\n<script type=\"application\/ld+json\" class=\"yoast-schema-graph\">{\"@context\":\"https:\/\/schema.org\",\"@graph\":[{\"@type\":\"WebPage\",\"@id\":\"https:\/\/korihuoltomoksi.fi\/index.php\/korihuollon-omat-tuotteet\/\",\"url\":\"https:\/\/korihuoltomoksi.fi\/index.php\/korihuollon-omat-tuotteet\/\",\"name\":\"Korihuollon omat tuotteet - Korihuolto Moksi\",\"isPartOf\":{\"@id\":\"https:\/\/korihuoltomoksi.fi\/#website\"},\"primaryImageOfPage\":{\"@id\":\"https:\/\/korihuoltomoksi.fi\/index.php\/korihuollon-omat-tuotteet\/#primaryimage\"},\"image\":{\"@id\":\"https:\/\/korihuoltomoksi.fi\/index.php\/korihuollon-omat-tuotteet\/#primaryimage\"},\"thumbnailUrl\":\"http:\/\/94.237.113.65\/~korihuol\/blog\/wp-content\/uploads\/elementor\/thumbs\/M123020B-Vyopidike-RST-scaled-pzg774y6enip6ekpd29qo4c84q7jkmccbplfh5swck.jpg\",\"datePublished\":\"2022-12-12T11:59:59+00:00\",\"dateModified\":\"2022-12-22T14:28:08+00:00\",\"description\":\"Rosterinen vy\u00f6pidike, joka ei varmasti pet\u00e4. Hinta on murto-osan, siit\u00e4 mit\u00e4 maksaa uusi kaukos\u00e4\u00e4din. Jos vaikka kaikessa kiireess\u00e4 kuljettajalla katkeaa muovinen vy\u00f6pidike, ja ohjain tippuu matkanvarrelle.\",\"breadcrumb\":{\"@id\":\"https:\/\/korihuoltomoksi.fi\/index.php\/korihuollon-omat-tuotteet\/#breadcrumb\"},\"inLanguage\":\"fi\",\"potentialAction\":[{\"@type\":\"ReadAction\",\"target\":[\"https:\/\/korihuoltomoksi.fi\/index.php\/korihuollon-omat-tuotteet\/\"]}]},{\"@type\":\"ImageObject\",\"inLanguage\":\"fi\",\"@id\":\"https:\/\/korihuoltomoksi.fi\/index.php\/korihuollon-omat-tuotteet\/#primaryimage\",\"url\":\"http:\/\/94.237.113.65\/~korihuol\/blog\/wp-content\/uploads\/elementor\/thumbs\/M123020B-Vyopidike-RST-scaled-pzg774y6enip6ekpd29qo4c84q7jkmccbplfh5swck.jpg\",\"contentUrl\":\"http:\/\/94.237.113.65\/~korihuol\/blog\/wp-content\/uploads\/elementor\/thumbs\/M123020B-Vyopidike-RST-scaled-pzg774y6enip6ekpd29qo4c84q7jkmccbplfh5swck.jpg\"},{\"@type\":\"BreadcrumbList\",\"@id\":\"https:\/\/korihuoltomoksi.fi\/index.php\/korihuollon-omat-tuotteet\/#breadcrumb\",\"itemListElement\":[{\"@type\":\"ListItem\",\"position\":1,\"name\":\"Home\",\"item\":\"https:\/\/korihuoltomoksi.fi\/\"},{\"@type\":\"ListItem\",\"position\":2,\"name\":\"Korihuollon omat tuotteet\"}]},{\"@type\":\"WebSite\",\"@id\":\"https:\/\/korihuoltomoksi.fi\/#website\",\"url\":\"https:\/\/korihuoltomoksi.fi\/\",\"name\":\"Korihuolto Moksi\",\"description\":\"\",\"publisher\":{\"@id\":\"https:\/\/korihuoltomoksi.fi\/#organization\"},\"potentialAction\":[{\"@type\":\"SearchAction\",\"target\":{\"@type\":\"EntryPoint\",\"urlTemplate\":\"https:\/\/korihuoltomoksi.fi\/?s={search_term_string}\"},\"query-input\":{\"@type\":\"PropertyValueSpecification\",\"valueRequired\":true,\"valueName\":\"search_term_string\"}}],\"inLanguage\":\"fi\"},{\"@type\":\"Organization\",\"@id\":\"https:\/\/korihuoltomoksi.fi\/#organization\",\"name\":\"Korihuolto Moksi\",\"url\":\"https:\/\/korihuoltomoksi.fi\/\",\"logo\":{\"@type\":\"ImageObject\",\"inLanguage\":\"fi\",\"@id\":\"https:\/\/korihuoltomoksi.fi\/#\/schema\/logo\/image\/\",\"url\":\"https:\/\/korihuoltomoksi.fi\/wp-content\/uploads\/2022\/12\/3449x3449.png\",\"contentUrl\":\"https:\/\/korihuoltomoksi.fi\/wp-content\/uploads\/2022\/12\/3449x3449.png\",\"width\":3449,\"height\":3449,\"caption\":\"Korihuolto Moksi\"},\"image\":{\"@id\":\"https:\/\/korihuoltomoksi.fi\/#\/schema\/logo\/image\/\"}}]}<\/script>\n<!-- \/ Yoast SEO plugin. -->","yoast_head_json":{"title":"Korihuollon omat tuotteet - Korihuolto Moksi","description":"Rosterinen vy\u00f6pidike, joka ei varmasti pet\u00e4. Hinta on murto-osan, siit\u00e4 mit\u00e4 maksaa uusi kaukos\u00e4\u00e4din. Jos vaikka kaikessa kiireess\u00e4 kuljettajalla katkeaa muovinen vy\u00f6pidike, ja ohjain tippuu matkanvarrelle.","robots":{"index":"index","follow":"follow","max-snippet":"max-snippet:-1","max-image-preview":"max-image-preview:large","max-video-preview":"max-video-preview:-1"},"canonical":"https:\/\/korihuoltomoksi.fi\/index.php\/korihuollon-omat-tuotteet\/","og_locale":"fi_FI","og_type":"article","og_title":"Korihuollon omat tuotteet - Korihuolto Moksi","og_description":"Rosterinen vy\u00f6pidike, joka ei varmasti pet\u00e4. Hinta on murto-osan, siit\u00e4 mit\u00e4 maksaa uusi kaukos\u00e4\u00e4din. Jos vaikka kaikessa kiireess\u00e4 kuljettajalla katkeaa muovinen vy\u00f6pidike, ja ohjain tippuu matkanvarrelle.","og_url":"https:\/\/korihuoltomoksi.fi\/index.php\/korihuollon-omat-tuotteet\/","og_site_name":"Korihuolto Moksi","article_modified_time":"2022-12-22T14:28:08+00:00","og_image":[{"url":"http:\/\/94.237.113.65\/~korihuol\/blog\/wp-content\/uploads\/elementor\/thumbs\/M123020B-Vyopidike-RST-scaled-pzg774y6enip6ekpd29qo4c84q7jkmccbplfh5swck.jpg","type":"","width":"","height":""}],"twitter_card":"summary_large_image","twitter_misc":{"Arvioitu lukuaika":"1 minuutti"},"schema":{"@context":"https:\/\/schema.org","@graph":[{"@type":"WebPage","@id":"https:\/\/korihuoltomoksi.fi\/index.php\/korihuollon-omat-tuotteet\/","url":"https:\/\/korihuoltomoksi.fi\/index.php\/korihuollon-omat-tuotteet\/","name":"Korihuollon omat tuotteet - Korihuolto Moksi","isPartOf":{"@id":"https:\/\/korihuoltomoksi.fi\/#website"},"primaryImageOfPage":{"@id":"https:\/\/korihuoltomoksi.fi\/index.php\/korihuollon-omat-tuotteet\/#primaryimage"},"image":{"@id":"https:\/\/korihuoltomoksi.fi\/index.php\/korihuollon-omat-tuotteet\/#primaryimage"},"thumbnailUrl":"http:\/\/94.237.113.65\/~korihuol\/blog\/wp-content\/uploads\/elementor\/thumbs\/M123020B-Vyopidike-RST-scaled-pzg774y6enip6ekpd29qo4c84q7jkmccbplfh5swck.jpg","datePublished":"2022-12-12T11:59:59+00:00","dateModified":"2022-12-22T14:28:08+00:00","description":"Rosterinen vy\u00f6pidike, joka ei varmasti pet\u00e4. Hinta on murto-osan, siit\u00e4 mit\u00e4 maksaa uusi kaukos\u00e4\u00e4din. Jos vaikka kaikessa kiireess\u00e4 kuljettajalla katkeaa muovinen vy\u00f6pidike, ja ohjain tippuu matkanvarrelle.","breadcrumb":{"@id":"https:\/\/korihuoltomoksi.fi\/index.php\/korihuollon-omat-tuotteet\/#breadcrumb"},"inLanguage":"fi","potentialAction":[{"@type":"ReadAction","target":["https:\/\/korihuoltomoksi.fi\/index.php\/korihuollon-omat-tuotteet\/"]}]},{"@type":"ImageObject","inLanguage":"fi","@id":"https:\/\/korihuoltomoksi.fi\/index.php\/korihuollon-omat-tuotteet\/#primaryimage","url":"http:\/\/94.237.113.65\/~korihuol\/blog\/wp-content\/uploads\/elementor\/thumbs\/M123020B-Vyopidike-RST-scaled-pzg774y6enip6ekpd29qo4c84q7jkmccbplfh5swck.jpg","contentUrl":"http:\/\/94.237.113.65\/~korihuol\/blog\/wp-content\/uploads\/elementor\/thumbs\/M123020B-Vyopidike-RST-scaled-pzg774y6enip6ekpd29qo4c84q7jkmccbplfh5swck.jpg"},{"@type":"BreadcrumbList","@id":"https:\/\/korihuoltomoksi.fi\/index.php\/korihuollon-omat-tuotteet\/#breadcrumb","itemListElement":[{"@type":"ListItem","position":1,"name":"Home","item":"https:\/\/korihuoltomoksi.fi\/"},{"@type":"ListItem","position":2,"name":"Korihuollon omat tuotteet"}]},{"@type":"WebSite","@id":"https:\/\/korihuoltomoksi.fi\/#website","url":"https:\/\/korihuoltomoksi.fi\/","name":"Korihuolto Moksi","description":"","publisher":{"@id":"https:\/\/korihuoltomoksi.fi\/#organization"},"potentialAction":[{"@type":"SearchAction","target":{"@type":"EntryPoint","urlTemplate":"https:\/\/korihuoltomoksi.fi\/?s={search_term_string}"},"query-input":{"@type":"PropertyValueSpecification","valueRequired":true,"valueName":"search_term_string"}}],"inLanguage":"fi"},{"@type":"Organization","@id":"https:\/\/korihuoltomoksi.fi\/#organization","name":"Korihuolto Moksi","url":"https:\/\/korihuoltomoksi.fi\/","logo":{"@type":"ImageObject","inLanguage":"fi","@id":"https:\/\/korihuoltomoksi.fi\/#\/schema\/logo\/image\/","url":"https:\/\/korihuoltomoksi.fi\/wp-content\/uploads\/2022\/12\/3449x3449.png","contentUrl":"https:\/\/korihuoltomoksi.fi\/wp-content\/uploads\/2022\/12\/3449x3449.png","width":3449,"height":3449,"caption":"Korihuolto Moksi"},"image":{"@id":"https:\/\/korihuoltomoksi.fi\/#\/schema\/logo\/image\/"}}]}},"jetpack_sharing_enabled":true,"_links":{"self":[{"href":"https:\/\/korihuoltomoksi.fi\/index.php\/wp-json\/wp\/v2\/pages\/296","targetHints":{"allow":["GET"]}}],"collection":[{"href":"https:\/\/korihuoltomoksi.fi\/index.php\/wp-json\/wp\/v2\/pages"}],"about":[{"href":"https:\/\/korihuoltomoksi.fi\/index.php\/wp-json\/wp\/v2\/types\/page"}],"author":[{"embeddable":true,"href":"https:\/\/korihuoltomoksi.fi\/index.php\/wp-json\/wp\/v2\/users\/3"}],"replies":[{"embeddable":true,"href":"https:\/\/korihuoltomoksi.fi\/index.php\/wp-json\/wp\/v2\/comments?post=296"}],"version-history":[{"count":24,"href":"https:\/\/korihuoltomoksi.fi\/index.php\/wp-json\/wp\/v2\/pages\/296\/revisions"}],"predecessor-version":[{"id":2066,"href":"https:\/\/korihuoltomoksi.fi\/index.php\/wp-json\/wp\/v2\/pages\/296\/revisions\/2066"}],"wp:attachment":[{"href":"https:\/\/korihuoltomoksi.fi\/index.php\/wp-json\/wp\/v2\/media?parent=296"}],"curies":[{"name":"wp","href":"https:\/\/api.w.org\/{rel}","templated":true}]}}