{"id":49,"date":"2022-12-10T12:32:57","date_gmt":"2022-12-10T12:32:57","guid":{"rendered":"http:\/\/94.237.113.65\/~korihuol\/blog\/?page_id=49"},"modified":"2022-12-27T22:43:26","modified_gmt":"2022-12-27T22:43:26","slug":"kori-kuormakori-kuormatila","status":"publish","type":"page","link":"https:\/\/korihuoltomoksi.fi\/index.php\/kori-kuormakori-kuormatila\/","title":{"rendered":"Kori, kuormakori, kuormatila"},"content":{"rendered":"\t\t<div data-elementor-type=\"wp-page\" data-elementor-id=\"49\" class=\"elementor elementor-49\" data-elementor-post-type=\"page\">\n\t\t\t\t\t\t<section class=\"elementor-section elementor-top-section elementor-element elementor-element-09a9a25 elementor-section-boxed elementor-section-height-default elementor-section-height-default elementor-invisible\" data-id=\"09a9a25\" data-element_type=\"section\" data-settings=\"{&quot;animation&quot;:&quot;fadeIn&quot;}\">\n\t\t\t\t\t\t<div class=\"elementor-container elementor-column-gap-default\">\n\t\t\t\t\t<div class=\"elementor-column elementor-col-50 elementor-top-column elementor-element elementor-element-82a2900\" data-id=\"82a2900\" data-element_type=\"column\">\n\t\t\t<div class=\"elementor-widget-wrap elementor-element-populated\">\n\t\t\t\t\t\t<div class=\"elementor-element elementor-element-bcb84e6 elementor-nav-menu__align-start elementor-nav-menu--dropdown-none elementor-hidden-mobile elementor-widget elementor-widget-nav-menu\" data-id=\"bcb84e6\" data-element_type=\"widget\" data-settings=\"{&quot;layout&quot;:&quot;vertical&quot;,&quot;submenu_icon&quot;:{&quot;value&quot;:&quot;&lt;i class=\\&quot;fas fa-caret-down\\&quot;&gt;&lt;\\\/i&gt;&quot;,&quot;library&quot;:&quot;fa-solid&quot;}}\" data-widget_type=\"nav-menu.default\">\n\t\t\t\t<div class=\"elementor-widget-container\">\n\t\t\t\t\t\t\t\t<nav aria-label=\"Menu\" class=\"elementor-nav-menu--main elementor-nav-menu__container elementor-nav-menu--layout-vertical e--pointer-none\">\n\t\t\t\t<ul id=\"menu-1-bcb84e6\" class=\"elementor-nav-menu sm-vertical\"><li class=\"menu-item menu-item-type-post_type menu-item-object-page menu-item-701\"><a href=\"https:\/\/korihuoltomoksi.fi\/index.php\/atp-katsastus\/\" class=\"elementor-item\">ATP-Katsastus<\/a><\/li>\n<li class=\"menu-item menu-item-type-post_type menu-item-object-page menu-item-702\"><a href=\"https:\/\/korihuoltomoksi.fi\/index.php\/auton-paallirakenteiden-takuutyot\/\" class=\"elementor-item\">Auton p\u00e4\u00e4llirakenteiden takuuty\u00f6t<\/a><\/li>\n<li class=\"menu-item menu-item-type-post_type menu-item-object-page menu-item-703\"><a href=\"https:\/\/korihuoltomoksi.fi\/index.php\/keskusvoitelu-rasvari-movalube-keskusvoitelujarjestelma\/\" class=\"elementor-item\">Keskusvoitelu, rasvari \u2013 Movalube keskusvoiteluj\u00e4rjestelm\u00e4<\/a><\/li>\n<li class=\"menu-item menu-item-type-post_type menu-item-object-page menu-item-705\"><a href=\"https:\/\/korihuoltomoksi.fi\/index.php\/kori-kuormakori-kuormatila\/\" class=\"elementor-item\">Kori, kuormakori, kuormatila<\/a><\/li>\n<li class=\"menu-item menu-item-type-post_type menu-item-object-page menu-item-706\"><a href=\"https:\/\/korihuoltomoksi.fi\/index.php\/kylmakone\/\" class=\"elementor-item\">Kylm\u00e4kone<\/a><\/li>\n<li class=\"menu-item menu-item-type-post_type menu-item-object-page menu-item-707\"><a href=\"https:\/\/korihuoltomoksi.fi\/index.php\/lammitin-autolammitin\/\" class=\"elementor-item\">L\u00e4mmitin, autol\u00e4mmitin<\/a><\/li>\n<li class=\"menu-item menu-item-type-post_type menu-item-object-page menu-item-708\"><a href=\"https:\/\/korihuoltomoksi.fi\/index.php\/nosturit\/\" class=\"elementor-item\">Nosturit<\/a><\/li>\n<li class=\"menu-item menu-item-type-post_type menu-item-object-page menu-item-709\"><a href=\"https:\/\/korihuoltomoksi.fi\/index.php\/paallirakenteiden-korjaus-2\/\" class=\"elementor-item\">P\u00e4\u00e4llirakenteiden korjaus<\/a><\/li>\n<li class=\"menu-item menu-item-type-post_type menu-item-object-page menu-item-710\"><a href=\"https:\/\/korihuoltomoksi.fi\/index.php\/raskaan-kaluston-maalaus\/\" class=\"elementor-item\">Raskaan kaluston maalaus<\/a><\/li>\n<li class=\"menu-item menu-item-type-post_type menu-item-object-page menu-item-983\"><a href=\"https:\/\/korihuoltomoksi.fi\/index.php\/raskaan-kaluston-korjaamo\/\" class=\"elementor-item\">Raskaan kaluston korjaamo<\/a><\/li>\n<li class=\"menu-item menu-item-type-post_type menu-item-object-page menu-item-711\"><a href=\"https:\/\/korihuoltomoksi.fi\/index.php\/takalaitanostin-peralautanostin\/\" class=\"elementor-item\">Takalaitanostin, per\u00e4lautanostin<\/a><\/li>\n<li class=\"menu-item menu-item-type-post_type menu-item-object-page menu-item-712\"><a href=\"https:\/\/korihuoltomoksi.fi\/index.php\/vaihtolavalaitteet\/\" class=\"elementor-item\">Vaihtolavalaitteet<\/a><\/li>\n<li class=\"menu-item menu-item-type-post_type menu-item-object-page menu-item-713\"><a href=\"https:\/\/korihuoltomoksi.fi\/index.php\/vuokrakontti\/\" class=\"elementor-item\">Vuokrakontti<\/a><\/li>\n<\/ul>\t\t\t<\/nav>\n\t\t\t\t\t\t<nav class=\"elementor-nav-menu--dropdown elementor-nav-menu__container\" aria-hidden=\"true\">\n\t\t\t\t<ul id=\"menu-2-bcb84e6\" class=\"elementor-nav-menu sm-vertical\"><li class=\"menu-item menu-item-type-post_type menu-item-object-page menu-item-701\"><a href=\"https:\/\/korihuoltomoksi.fi\/index.php\/atp-katsastus\/\" class=\"elementor-item\" tabindex=\"-1\">ATP-Katsastus<\/a><\/li>\n<li class=\"menu-item menu-item-type-post_type menu-item-object-page menu-item-702\"><a href=\"https:\/\/korihuoltomoksi.fi\/index.php\/auton-paallirakenteiden-takuutyot\/\" class=\"elementor-item\" tabindex=\"-1\">Auton p\u00e4\u00e4llirakenteiden takuuty\u00f6t<\/a><\/li>\n<li class=\"menu-item menu-item-type-post_type menu-item-object-page menu-item-703\"><a href=\"https:\/\/korihuoltomoksi.fi\/index.php\/keskusvoitelu-rasvari-movalube-keskusvoitelujarjestelma\/\" class=\"elementor-item\" tabindex=\"-1\">Keskusvoitelu, rasvari \u2013 Movalube keskusvoiteluj\u00e4rjestelm\u00e4<\/a><\/li>\n<li class=\"menu-item menu-item-type-post_type menu-item-object-page menu-item-705\"><a href=\"https:\/\/korihuoltomoksi.fi\/index.php\/kori-kuormakori-kuormatila\/\" class=\"elementor-item\" tabindex=\"-1\">Kori, kuormakori, kuormatila<\/a><\/li>\n<li class=\"menu-item menu-item-type-post_type menu-item-object-page menu-item-706\"><a href=\"https:\/\/korihuoltomoksi.fi\/index.php\/kylmakone\/\" class=\"elementor-item\" tabindex=\"-1\">Kylm\u00e4kone<\/a><\/li>\n<li class=\"menu-item menu-item-type-post_type menu-item-object-page menu-item-707\"><a href=\"https:\/\/korihuoltomoksi.fi\/index.php\/lammitin-autolammitin\/\" class=\"elementor-item\" tabindex=\"-1\">L\u00e4mmitin, autol\u00e4mmitin<\/a><\/li>\n<li class=\"menu-item menu-item-type-post_type menu-item-object-page menu-item-708\"><a href=\"https:\/\/korihuoltomoksi.fi\/index.php\/nosturit\/\" class=\"elementor-item\" tabindex=\"-1\">Nosturit<\/a><\/li>\n<li class=\"menu-item menu-item-type-post_type menu-item-object-page menu-item-709\"><a href=\"https:\/\/korihuoltomoksi.fi\/index.php\/paallirakenteiden-korjaus-2\/\" class=\"elementor-item\" tabindex=\"-1\">P\u00e4\u00e4llirakenteiden korjaus<\/a><\/li>\n<li class=\"menu-item menu-item-type-post_type menu-item-object-page menu-item-710\"><a href=\"https:\/\/korihuoltomoksi.fi\/index.php\/raskaan-kaluston-maalaus\/\" class=\"elementor-item\" tabindex=\"-1\">Raskaan kaluston maalaus<\/a><\/li>\n<li class=\"menu-item menu-item-type-post_type menu-item-object-page menu-item-983\"><a href=\"https:\/\/korihuoltomoksi.fi\/index.php\/raskaan-kaluston-korjaamo\/\" class=\"elementor-item\" tabindex=\"-1\">Raskaan kaluston korjaamo<\/a><\/li>\n<li class=\"menu-item menu-item-type-post_type menu-item-object-page menu-item-711\"><a href=\"https:\/\/korihuoltomoksi.fi\/index.php\/takalaitanostin-peralautanostin\/\" class=\"elementor-item\" tabindex=\"-1\">Takalaitanostin, per\u00e4lautanostin<\/a><\/li>\n<li class=\"menu-item menu-item-type-post_type menu-item-object-page menu-item-712\"><a href=\"https:\/\/korihuoltomoksi.fi\/index.php\/vaihtolavalaitteet\/\" class=\"elementor-item\" tabindex=\"-1\">Vaihtolavalaitteet<\/a><\/li>\n<li class=\"menu-item menu-item-type-post_type menu-item-object-page menu-item-713\"><a href=\"https:\/\/korihuoltomoksi.fi\/index.php\/vuokrakontti\/\" class=\"elementor-item\" tabindex=\"-1\">Vuokrakontti<\/a><\/li>\n<\/ul>\t\t\t<\/nav>\n\t\t\t\t\t\t<\/div>\n\t\t\t\t<\/div>\n\t\t\t\t\t<\/div>\n\t\t<\/div>\n\t\t\t\t<div class=\"elementor-column elementor-col-50 elementor-top-column elementor-element elementor-element-f431479\" data-id=\"f431479\" data-element_type=\"column\">\n\t\t\t<div class=\"elementor-widget-wrap elementor-element-populated\">\n\t\t\t\t\t\t<section class=\"elementor-section elementor-inner-section elementor-element elementor-element-002c9a9 elementor-section-boxed elementor-section-height-default elementor-section-height-default\" data-id=\"002c9a9\" data-element_type=\"section\">\n\t\t\t\t\t\t<div class=\"elementor-container elementor-column-gap-default\">\n\t\t\t\t\t<div class=\"elementor-column elementor-col-100 elementor-inner-column elementor-element elementor-element-4234876\" data-id=\"4234876\" data-element_type=\"column\">\n\t\t\t<div class=\"elementor-widget-wrap elementor-element-populated\">\n\t\t\t\t\t\t<div class=\"elementor-element elementor-element-cf6cc31 elementor-widget elementor-widget-heading\" data-id=\"cf6cc31\" data-element_type=\"widget\" data-widget_type=\"heading.default\">\n\t\t\t\t<div class=\"elementor-widget-container\">\n\t\t\t\t\t<h3 class=\"elementor-heading-title elementor-size-default\">Kori, kuormakori, kuormatila<\/h3>\t\t\t\t<\/div>\n\t\t\t\t<\/div>\n\t\t\t\t<div class=\"elementor-element elementor-element-2a03bf4 elementor-widget elementor-widget-heading\" data-id=\"2a03bf4\" data-element_type=\"widget\" data-widget_type=\"heading.default\">\n\t\t\t\t<div class=\"elementor-widget-container\">\n\t\t\t\t\t<h3 class=\"elementor-heading-title elementor-size-default\">Raskaan kaluston korjaamo Korihuolto Moksi toteuttaa mm.:<\/h3>\t\t\t\t<\/div>\n\t\t\t\t<\/div>\n\t\t\t\t\t<\/div>\n\t\t<\/div>\n\t\t\t\t\t<\/div>\n\t\t<\/section>\n\t\t\t\t<section class=\"elementor-section elementor-inner-section elementor-element elementor-element-6051810 elementor-section-boxed elementor-section-height-default elementor-section-height-default\" data-id=\"6051810\" data-element_type=\"section\">\n\t\t\t\t\t\t<div class=\"elementor-container elementor-column-gap-default\">\n\t\t\t\t\t<div class=\"elementor-column elementor-col-100 elementor-inner-column elementor-element elementor-element-7812846\" data-id=\"7812846\" data-element_type=\"column\">\n\t\t\t<div class=\"elementor-widget-wrap elementor-element-populated\">\n\t\t\t\t\t\t<div class=\"elementor-element elementor-element-a00b5d7 elementor-widget elementor-widget-text-editor\" data-id=\"a00b5d7\" data-element_type=\"widget\" data-widget_type=\"text-editor.default\">\n\t\t\t\t<div class=\"elementor-widget-container\">\n\t\t\t\t\t\t\t\t\t<ul><li>Kuormakorien korjaukset ja muutosty\u00f6t kaikkiin merkkeihin<\/li><li>Kolarikorjaukset ja vahinkokorjaukset<\/li><li>Eri korivalmistajien hyv\u00e4ksym\u00e4 takuukorjaamo<\/li><li>Raskaan kaluston maalausty\u00f6t<\/li><\/ul><p>\u00a0<\/p><p>\u00a0Meilt\u00e4 my\u00f6s asiakkaan tarpeeseen muuntautuva\u00a0<a href=\"https:\/\/www.korihuoltomoksi.fi\/vuokrakontti\">vuokrakontti<\/a>!<\/p>\t\t\t\t\t\t\t\t<\/div>\n\t\t\t\t<\/div>\n\t\t\t\t<div class=\"elementor-element elementor-element-7a1ba35 elementor-mobile-align-center elementor-widget elementor-widget-button\" data-id=\"7a1ba35\" data-element_type=\"widget\" data-widget_type=\"button.default\">\n\t\t\t\t<div class=\"elementor-widget-container\">\n\t\t\t\t\t\t\t\t\t<div class=\"elementor-button-wrapper\">\n\t\t\t\t\t<a class=\"elementor-button elementor-button-link elementor-size-sm\" href=\"#elementor-action%3Aaction%3Dpopup%3Aopen%26settings%3DeyJpZCI6IjExNTQiLCJ0b2dnbGUiOmZhbHNlfQ%3D%3D\">\n\t\t\t\t\t\t<span class=\"elementor-button-content-wrapper\">\n\t\t\t\t\t\t\t\t\t<span class=\"elementor-button-text\">J\u00e4t\u00e4 t\u00e4st\u00e4 tarjouspyynt\u00f6<\/span>\n\t\t\t\t\t<\/span>\n\t\t\t\t\t<\/a>\n\t\t\t\t<\/div>\n\t\t\t\t\t\t\t\t<\/div>\n\t\t\t\t<\/div>\n\t\t\t\t\t<\/div>\n\t\t<\/div>\n\t\t\t\t\t<\/div>\n\t\t<\/section>\n\t\t\t\t\t<\/div>\n\t\t<\/div>\n\t\t\t\t\t<\/div>\n\t\t<\/section>\n\t\t\t\t<\/div>\n\t\t","protected":false},"excerpt":{"rendered":"<p>Kori, kuormakori, kuormatila Raskaan kaluston korjaamo Korihuolto Moksi toteuttaa mm.: Kuormakorien korjaukset ja muutosty\u00f6t kaikkiin merkkeihin Kolarikorjaukset ja vahinkokorjaukset Eri korivalmistajien hyv\u00e4ksym\u00e4 takuukorjaamo Raskaan kaluston maalausty\u00f6t \u00a0 \u00a0Meilt\u00e4 my\u00f6s asiakkaan tarpeeseen muuntautuva\u00a0vuokrakontti! J\u00e4t\u00e4 t\u00e4st\u00e4 tarjouspyynt\u00f6<\/p>\n","protected":false},"author":2,"featured_media":0,"parent":0,"menu_order":0,"comment_status":"closed","ping_status":"closed","template":"elementor_header_footer","meta":{"_monsterinsights_skip_tracking":false,"_monsterinsights_sitenote_active":false,"_monsterinsights_sitenote_note":"","_monsterinsights_sitenote_category":0,"footnotes":""},"class_list":["post-49","page","type-page","status-publish","hentry"],"yoast_head":"<!-- This site is optimized with the Yoast SEO plugin v25.0 - https:\/\/yoast.com\/wordpress\/plugins\/seo\/ -->\n<title>Kori, kuormakori, kuormatila - Korihuolto Moksi<\/title>\n<meta name=\"description\" content=\"Kuormakorien korjaukset ja muutosty\u00f6t kaikkiin merkkeihinKolarikorjaukset ja vahinkokorjauksetEri korivalmistajien hyv\u00e4ksym\u00e4 takuukorjaamoRaskaan kaluston maalausty\u00f6t\" \/>\n<meta name=\"robots\" content=\"index, follow, max-snippet:-1, max-image-preview:large, max-video-preview:-1\" \/>\n<link rel=\"canonical\" href=\"https:\/\/korihuoltomoksi.fi\/index.php\/kori-kuormakori-kuormatila\/\" \/>\n<meta property=\"og:locale\" content=\"fi_FI\" \/>\n<meta property=\"og:type\" content=\"article\" \/>\n<meta property=\"og:title\" content=\"Kori, kuormakori, kuormatila - Korihuolto Moksi\" \/>\n<meta property=\"og:description\" content=\"Kuormakorien korjaukset ja muutosty\u00f6t kaikkiin merkkeihinKolarikorjaukset ja vahinkokorjauksetEri korivalmistajien hyv\u00e4ksym\u00e4 takuukorjaamoRaskaan kaluston maalausty\u00f6t\" \/>\n<meta property=\"og:url\" content=\"https:\/\/korihuoltomoksi.fi\/index.php\/kori-kuormakori-kuormatila\/\" \/>\n<meta property=\"og:site_name\" content=\"Korihuolto Moksi\" \/>\n<meta property=\"article:modified_time\" content=\"2022-12-27T22:43:26+00:00\" \/>\n<meta name=\"twitter:card\" content=\"summary_large_image\" \/>\n<meta name=\"twitter:label1\" content=\"Arvioitu lukuaika\" \/>\n\t<meta name=\"twitter:data1\" content=\"1 minuutti\" \/>\n<script type=\"application\/ld+json\" class=\"yoast-schema-graph\">{\"@context\":\"https:\/\/schema.org\",\"@graph\":[{\"@type\":\"WebPage\",\"@id\":\"https:\/\/korihuoltomoksi.fi\/index.php\/kori-kuormakori-kuormatila\/\",\"url\":\"https:\/\/korihuoltomoksi.fi\/index.php\/kori-kuormakori-kuormatila\/\",\"name\":\"Kori, kuormakori, kuormatila - Korihuolto Moksi\",\"isPartOf\":{\"@id\":\"https:\/\/korihuoltomoksi.fi\/#website\"},\"datePublished\":\"2022-12-10T12:32:57+00:00\",\"dateModified\":\"2022-12-27T22:43:26+00:00\",\"description\":\"Kuormakorien korjaukset ja muutosty\u00f6t kaikkiin merkkeihinKolarikorjaukset ja vahinkokorjauksetEri korivalmistajien hyv\u00e4ksym\u00e4 takuukorjaamoRaskaan kaluston maalausty\u00f6t\",\"breadcrumb\":{\"@id\":\"https:\/\/korihuoltomoksi.fi\/index.php\/kori-kuormakori-kuormatila\/#breadcrumb\"},\"inLanguage\":\"fi\",\"potentialAction\":[{\"@type\":\"ReadAction\",\"target\":[\"https:\/\/korihuoltomoksi.fi\/index.php\/kori-kuormakori-kuormatila\/\"]}]},{\"@type\":\"BreadcrumbList\",\"@id\":\"https:\/\/korihuoltomoksi.fi\/index.php\/kori-kuormakori-kuormatila\/#breadcrumb\",\"itemListElement\":[{\"@type\":\"ListItem\",\"position\":1,\"name\":\"Home\",\"item\":\"https:\/\/korihuoltomoksi.fi\/\"},{\"@type\":\"ListItem\",\"position\":2,\"name\":\"Kori, kuormakori, kuormatila\"}]},{\"@type\":\"WebSite\",\"@id\":\"https:\/\/korihuoltomoksi.fi\/#website\",\"url\":\"https:\/\/korihuoltomoksi.fi\/\",\"name\":\"Korihuolto Moksi\",\"description\":\"\",\"publisher\":{\"@id\":\"https:\/\/korihuoltomoksi.fi\/#organization\"},\"potentialAction\":[{\"@type\":\"SearchAction\",\"target\":{\"@type\":\"EntryPoint\",\"urlTemplate\":\"https:\/\/korihuoltomoksi.fi\/?s={search_term_string}\"},\"query-input\":{\"@type\":\"PropertyValueSpecification\",\"valueRequired\":true,\"valueName\":\"search_term_string\"}}],\"inLanguage\":\"fi\"},{\"@type\":\"Organization\",\"@id\":\"https:\/\/korihuoltomoksi.fi\/#organization\",\"name\":\"Korihuolto Moksi\",\"url\":\"https:\/\/korihuoltomoksi.fi\/\",\"logo\":{\"@type\":\"ImageObject\",\"inLanguage\":\"fi\",\"@id\":\"https:\/\/korihuoltomoksi.fi\/#\/schema\/logo\/image\/\",\"url\":\"https:\/\/korihuoltomoksi.fi\/wp-content\/uploads\/2022\/12\/3449x3449.png\",\"contentUrl\":\"https:\/\/korihuoltomoksi.fi\/wp-content\/uploads\/2022\/12\/3449x3449.png\",\"width\":3449,\"height\":3449,\"caption\":\"Korihuolto Moksi\"},\"image\":{\"@id\":\"https:\/\/korihuoltomoksi.fi\/#\/schema\/logo\/image\/\"}}]}<\/script>\n<!-- \/ Yoast SEO plugin. -->","yoast_head_json":{"title":"Kori, kuormakori, kuormatila - Korihuolto Moksi","description":"Kuormakorien korjaukset ja muutosty\u00f6t kaikkiin merkkeihinKolarikorjaukset ja vahinkokorjauksetEri korivalmistajien hyv\u00e4ksym\u00e4 takuukorjaamoRaskaan kaluston maalausty\u00f6t","robots":{"index":"index","follow":"follow","max-snippet":"max-snippet:-1","max-image-preview":"max-image-preview:large","max-video-preview":"max-video-preview:-1"},"canonical":"https:\/\/korihuoltomoksi.fi\/index.php\/kori-kuormakori-kuormatila\/","og_locale":"fi_FI","og_type":"article","og_title":"Kori, kuormakori, kuormatila - Korihuolto Moksi","og_description":"Kuormakorien korjaukset ja muutosty\u00f6t kaikkiin merkkeihinKolarikorjaukset ja vahinkokorjauksetEri korivalmistajien hyv\u00e4ksym\u00e4 takuukorjaamoRaskaan kaluston maalausty\u00f6t","og_url":"https:\/\/korihuoltomoksi.fi\/index.php\/kori-kuormakori-kuormatila\/","og_site_name":"Korihuolto Moksi","article_modified_time":"2022-12-27T22:43:26+00:00","twitter_card":"summary_large_image","twitter_misc":{"Arvioitu lukuaika":"1 minuutti"},"schema":{"@context":"https:\/\/schema.org","@graph":[{"@type":"WebPage","@id":"https:\/\/korihuoltomoksi.fi\/index.php\/kori-kuormakori-kuormatila\/","url":"https:\/\/korihuoltomoksi.fi\/index.php\/kori-kuormakori-kuormatila\/","name":"Kori, kuormakori, kuormatila - Korihuolto Moksi","isPartOf":{"@id":"https:\/\/korihuoltomoksi.fi\/#website"},"datePublished":"2022-12-10T12:32:57+00:00","dateModified":"2022-12-27T22:43:26+00:00","description":"Kuormakorien korjaukset ja muutosty\u00f6t kaikkiin merkkeihinKolarikorjaukset ja vahinkokorjauksetEri korivalmistajien hyv\u00e4ksym\u00e4 takuukorjaamoRaskaan kaluston maalausty\u00f6t","breadcrumb":{"@id":"https:\/\/korihuoltomoksi.fi\/index.php\/kori-kuormakori-kuormatila\/#breadcrumb"},"inLanguage":"fi","potentialAction":[{"@type":"ReadAction","target":["https:\/\/korihuoltomoksi.fi\/index.php\/kori-kuormakori-kuormatila\/"]}]},{"@type":"BreadcrumbList","@id":"https:\/\/korihuoltomoksi.fi\/index.php\/kori-kuormakori-kuormatila\/#breadcrumb","itemListElement":[{"@type":"ListItem","position":1,"name":"Home","item":"https:\/\/korihuoltomoksi.fi\/"},{"@type":"ListItem","position":2,"name":"Kori, kuormakori, kuormatila"}]},{"@type":"WebSite","@id":"https:\/\/korihuoltomoksi.fi\/#website","url":"https:\/\/korihuoltomoksi.fi\/","name":"Korihuolto Moksi","description":"","publisher":{"@id":"https:\/\/korihuoltomoksi.fi\/#organization"},"potentialAction":[{"@type":"SearchAction","target":{"@type":"EntryPoint","urlTemplate":"https:\/\/korihuoltomoksi.fi\/?s={search_term_string}"},"query-input":{"@type":"PropertyValueSpecification","valueRequired":true,"valueName":"search_term_string"}}],"inLanguage":"fi"},{"@type":"Organization","@id":"https:\/\/korihuoltomoksi.fi\/#organization","name":"Korihuolto Moksi","url":"https:\/\/korihuoltomoksi.fi\/","logo":{"@type":"ImageObject","inLanguage":"fi","@id":"https:\/\/korihuoltomoksi.fi\/#\/schema\/logo\/image\/","url":"https:\/\/korihuoltomoksi.fi\/wp-content\/uploads\/2022\/12\/3449x3449.png","contentUrl":"https:\/\/korihuoltomoksi.fi\/wp-content\/uploads\/2022\/12\/3449x3449.png","width":3449,"height":3449,"caption":"Korihuolto Moksi"},"image":{"@id":"https:\/\/korihuoltomoksi.fi\/#\/schema\/logo\/image\/"}}]}},"jetpack_sharing_enabled":true,"_links":{"self":[{"href":"https:\/\/korihuoltomoksi.fi\/index.php\/wp-json\/wp\/v2\/pages\/49","targetHints":{"allow":["GET"]}}],"collection":[{"href":"https:\/\/korihuoltomoksi.fi\/index.php\/wp-json\/wp\/v2\/pages"}],"about":[{"href":"https:\/\/korihuoltomoksi.fi\/index.php\/wp-json\/wp\/v2\/types\/page"}],"author":[{"embeddable":true,"href":"https:\/\/korihuoltomoksi.fi\/index.php\/wp-json\/wp\/v2\/users\/2"}],"replies":[{"embeddable":true,"href":"https:\/\/korihuoltomoksi.fi\/index.php\/wp-json\/wp\/v2\/comments?post=49"}],"version-history":[{"count":38,"href":"https:\/\/korihuoltomoksi.fi\/index.php\/wp-json\/wp\/v2\/pages\/49\/revisions"}],"predecessor-version":[{"id":2180,"href":"https:\/\/korihuoltomoksi.fi\/index.php\/wp-json\/wp\/v2\/pages\/49\/revisions\/2180"}],"wp:attachment":[{"href":"https:\/\/korihuoltomoksi.fi\/index.php\/wp-json\/wp\/v2\/media?parent=49"}],"curies":[{"name":"wp","href":"https:\/\/api.w.org\/{rel}","templated":true}]}}